{"id":1440,"date":"2025-12-12T10:24:45","date_gmt":"2025-12-12T10:24:45","guid":{"rendered":"https:\/\/magnetic-slots.com\/app\/"},"modified":"2025-12-12T14:07:18","modified_gmt":"2025-12-12T14:07:18","slug":"aplikacja","status":"publish","type":"page","link":"https:\/\/magnetic-slots.com\/pl\/aplikacja\/","title":{"rendered":"Aplikacja"},"content":{"rendered":"<h1>App MagneticSlots<\/h1>\n<p>Magnetic Slots app zapewnia wszystkie funkcje mobilnego kasyna na ka\u017cdym urz\u0105dzeniu. Nasze oprogramowanie oferuje wysok\u0105 wydajno\u015b\u0107 i zoptymalizowany, adaptacyjny interfejs. Tutaj gracze z Polski maj\u0105 natychmiastowy dost\u0119p do tysi\u0119cy gier: automat\u00f3w, sto\u0142\u00f3w kasynowych na \u017cywo, gier typu crash oraz klasycznych gier sto\u0142owych. Wszystkie gry maj\u0105 zoptymalizowany wygl\u0105d i interfejs dla ka\u017cdego urz\u0105dzenia mobilnego. P\u0142atno\u015bci, bonusy, ustawienia konta, proces weryfikacji i wsparcie techniczne s\u0105 dost\u0119pne tutaj. Wszystkie funkcje platformy desktopowej s\u0105 w pe\u0142ni zintegrowane. Obs\u0142ugujemy wysokie pr\u0119dko\u015bci pobierania i wysokiej jako\u015bci streaming.<\/p>\n<div class=\"banner-wrap\" aria-label=\"Banner\"><img src=\"https:\/\/magnetic-slots.com\/wp-content\/uploads\/2025\/12\/header-bg-1.webp\" class=\"w-100 d-none d-lg-block img-pc main-banner-img\" alt=\"MagneticSlots desktop banner\" fetchpriority=\"high\" decoding=\"async\"><img src=\"https:\/\/magnetic-slots.com\/wp-content\/uploads\/2025\/12\/MagneticSlots-mobile-banner.webp\" class=\"w-100 d-none d-md-block d-lg-none main-banner-img\" alt=\"MagneticSlots mobile banner\" fetchpriority=\"high\" decoding=\"async\"><img src=\"https:\/\/magnetic-slots.com\/wp-content\/uploads\/2025\/12\/MagneticSlots-mobile-banner.webp\" class=\"w-100 d-md-none\" alt=\"MagneticSlots mobile banner\" fetchpriority=\"high\" decoding=\"async\"><div class=\"banner-description\">\n<div class=\"banner-title\">Bonusy powitalne<\/div>\n<p class=\"banner-header-title\">1500 \u20ac<\/p>\n<div class=\"banner-header-AdditionalText\">+ 250 Darmowe spiny<\/div>\n<button data-item=\"homepage_banner_link\" class=\"goto m-button m-gradient-border m-button--primary m-button--large banner-button btn-orange\">\n            <div class=\"m-button-content\">\n                <span>Zarejestruj si\u0119 teraz<\/span>\n                <span><\/span>\n            <\/div>\n        <\/button>\n<\/div>\n<div class=\"WelcomePack\">\n<p><img loading=\"lazy\" decoding=\"async\" class=\"alignnone size-full wp-image-1338\" src=\"https:\/\/magnetic-slots.com\/wp-content\/uploads\/2025\/12\/welcome-crown.svg\" alt=\"crown\" width=\"25\" height=\"26\" \/><\/p>\n<div class=\"WelcomePack-Info\">Cotygodniowy zwrot got\u00f3wki do 25%<\/div>\n<p><img loading=\"lazy\" decoding=\"async\" class=\"alignnone size-full wp-image-1338\" src=\"https:\/\/magnetic-slots.com\/wp-content\/uploads\/2025\/12\/welcome-crown.svg\" alt=\"crown\" width=\"25\" height=\"26\" \/><\/p>\n<\/div>\n<\/div>\n<h2>Aplikacja Magnetic Slots<\/h2>\n<p>Aplikacja Magnetic Slots zapewnia zoptymalizowane wra\u017cenia z gry, umo\u017cliwiaj\u0105c elastyczn\u0105 rozgrywk\u0119. Oprogramowanie posiada wszystkie funkcje wersji komputerowej i internetowej. Aplikacja oferuje jednak uproszczon\u0105 nawigacj\u0119 i natychmiastowy dost\u0119p. Nasze oprogramowanie jest przeno\u015bne i stanowi doskona\u0142\u0105 alternatyw\u0119 dla wersji komputerowej. Oferuje te same funkcje, a dodatkowo zapewnia mobilno\u015b\u0107.<\/p>\n<table>\n<tbody>\n<tr>\n<td>Funkcja<\/td>\n<td>Aplikacja mobilna<\/td>\n<td>Wersja na komputery PC<\/td>\n<\/tr>\n<tr>\n<td>Przeno\u015bno\u015b\u0107<\/td>\n<td>Pe\u0142ny dost\u0119p z dowolnego miejsca na urz\u0105dzeniach mobilnych<\/td>\n<td>Stacjonarny, wymaga konfiguracji komputera<\/td>\n<\/tr>\n<tr>\n<td>Interfejs<\/td>\n<td>Adaptacyjne menu zoptymalizowane pod k\u0105tem obs\u0142ugi dotykowej<\/td>\n<td>Wi\u0119kszy ekran z rozszerzonym uk\u0142adem<\/td>\n<\/tr>\n<tr>\n<td>Wydajno\u015b\u0107<\/td>\n<td>Szybkie \u0142adowanie, lekka obs\u0142uga<\/td>\n<td>Wysoka wydajno\u015b\u0107 dzi\u0119ki stabilnemu sprz\u0119towi<\/td>\n<\/tr>\n<tr>\n<td>Do\u015bwiadczenie gry<\/td>\n<td>P\u0142ynna rozgrywka, transmisje na \u017cywo w jako\u015bci HD<\/td>\n<td>Szersze pole widzenia i wi\u0119ksza grafika<\/td>\n<\/tr>\n<tr>\n<td>P\u0142atno\u015bci i wsparcie<\/td>\n<td>Wp\u0142aty, wyp\u0142aty i czat na \u017cywo za pomoc\u0105 jednego klikni\u0119cia<\/td>\n<td>Pe\u0142ny pulpit nawigacyjny z rozszerzonymi narz\u0119dziami<\/td>\n<\/tr>\n<tr>\n<td>Powiadomienia<\/td>\n<td>Powiadomienia push o bonusach i turniejach<\/td>\n<td>Brak powiadomie\u0144 push<\/td>\n<\/tr>\n<\/tbody>\n<\/table>\n<p><div class=\"scrollable-content-wrap my-5\"><div class=\"scrollable-content-inner\"><h2>Aplikacja Magnetic Slots \u2013 Android<\/h2>\n<p>Nasza aplikacja jest dost\u0119pna na wszystkie urz\u0105dzenia z systemem Android. Aplikacja Magnetic Slots na Androida jest dost\u0119pna jako progresywna aplikacja internetowa (PWA). Nasza PWA posiada wszystkie funkcje wersji na komputery stacjonarne i mo\u017cna j\u0105 pobra\u0107 bezpo\u015brednio z przegl\u0105darki. Wszystkie gry, p\u0142atno\u015bci, ustawienia konta, wsparcie techniczne i promocje s\u0105 dost\u0119pne w PWA na Androida. PWA jest odpowiednia dla ka\u017cdego urz\u0105dzenia z systemem Android.<\/p>\n<h3>MagneticSlots APK<\/h3>\n<p>Nie musisz szuka\u0107 pliku APK Magnetic Slots w sklepach z aplikacjami. Oprogramowanie Magnetic Slots dzia\u0142a bez pliku APK. Nasza aplikacja PWA jest dost\u0119pna do pobrania bezpo\u015brednio w przegl\u0105darce. Pobierz aplikacj\u0119, klikaj\u0105c przycisk \u201eAplikacja kasyna\u201d, a zainstaluje si\u0119 ona automatycznie. Oto jak to zrobi\u0107:<\/p>\n<ol>\n<li>Na dole strony g\u0142\u00f3wnej znajduje si\u0119 przycisk pobierania oprogramowania.<\/li>\n<li>Kliknij \u201eAplikacja kasyna\u201d.<\/li>\n<li>Aplikacja pojawi si\u0119 na ekranie g\u0142\u00f3wnym.<\/li>\n<\/ol>\n<p>Je\u015bli masz jakiekolwiek problemy z pobieraniem plik\u00f3w, mo\u017cesz skontaktowa\u0107 si\u0119 z naszym zespo\u0142em pomocy technicznej za po\u015brednictwem czatu na \u017cywo lub poczty elektronicznej.<\/p>\n<p><img loading=\"lazy\" decoding=\"async\" src=\"https:\/\/magnetic-slots.com\/wp-content\/uploads\/2025\/12\/MagneticSlots-Android.webp\" alt=\"MagneticSlots Android\" width=\"1248\" height=\"536\" \/><\/p>\n<\/div><\/div><div style=\"clear: both\"><\/div><div class=\"d-flex justify-content-center\"><button data-item=\"decouvrez_link\" data-group=\"website_links\" class=\"goto fw-bold rounded-pill btn btn-orange\" aria-label=\"Pobierz aplikacj\u0119 MagneticSlots\" >Pobierz aplikacj\u0119 MagneticSlots<\/button><\/div><div class=\"scrollable-content-wrap my-5\"><div class=\"scrollable-content-inner\"><h2>Aplikacja kasyna Magnetic Slots dla systemu iOS<\/h2>\n<p>Aplikacja Magnetic Slots Casino dla systemu iOS zapewnia szybk\u0105 rozgrywk\u0119 na wszystkich urz\u0105dzeniach Apple. Oprogramowanie zapewnia szybki dost\u0119p do kasyna Magnetic Slots ze wszystkimi naszymi grami. Oprogramowanie dzia\u0142a bezpo\u015brednio przez przegl\u0105dark\u0119 Safari. Je\u015bli zainstalujesz aplikacj\u0119 na ekranie g\u0142\u00f3wnym swojego urz\u0105dzenia z systemem iOS, b\u0119dziesz otrzymywa\u0107 powiadomienia push o wszystkich nowych promocjach i aktualizacjach. Aby pobra\u0107 oprogramowanie Magnetic Slots na iOS, nie musisz szuka\u0107 niczego w App Store. Jak zainstalowa\u0107 aplikacj\u0119 Magnetic Slots przez przegl\u0105dark\u0119 Safari:<\/p>\n<ol>\n<li>Kliknij \u201eUdost\u0119pnij\u201d na dole naszej strony g\u0142\u00f3wnej.<\/li>\n<li>Wybierz \u201eDodaj do ekranu g\u0142\u00f3wnego\u201d.<\/li>\n<li>Aplikacja pojawi si\u0119 automatycznie na ekranie g\u0142\u00f3wnym.<\/li>\n<\/ol>\n<p><img loading=\"lazy\" decoding=\"async\" src=\"https:\/\/magnetic-slots.com\/wp-content\/uploads\/2025\/12\/MagneticSlots-iOS.webp\" alt=\"MagneticSlots iOS\" width=\"1248\" height=\"536\" \/><\/p>\n<\/div><\/div><div style=\"clear: both\"><\/div><div class=\"d-flex justify-content-center\"><button data-item=\"decouvrez_link\" data-group=\"website_links\" class=\"goto fw-bold rounded-pill btn btn-orange\" aria-label=\"Pobierz MagneticSlots\" >Pobierz MagneticSlots<\/button><\/div><div class=\"scrollable-content-wrap my-5\"><div class=\"scrollable-content-inner\"><h2>Aplikacja MagneticSlots na komputery stacjonarne<\/h2>\n<p>Aplikacja MagneticSlots na komputery PC zapewnia u\u017cytkownikom system\u00f3w Windows i Mac szybki dost\u0119p do ca\u0142ej platformy kasyna. Aplikacja na komputery PC nie wymaga pobierania ani instalacji. Zamiast pobiera\u0107 tradycyjne oprogramowanie, gracze mog\u0105 po prostu odwiedzi\u0107 nasz\u0105 stron\u0119 internetow\u0105 i utworzy\u0107 skr\u00f3t na pulpicie. Skr\u00f3t ten dzia\u0142a jako samodzielna aplikacja internetowa z dost\u0119pem do wszystkich gier, p\u0142atno\u015bci, promocji i funkcji konta.<\/p>\n<p>Odwied\u017a nasz\u0105 stron\u0119 internetow\u0105 i utw\u00f3rz skr\u00f3t w ustawieniach przegl\u0105darki, aby uzyska\u0107 szybki dost\u0119p z pulpitu. Mo\u017cesz uruchomi\u0107 Magnetic Slots z pulpitu tak jak zwyk\u0142y program. Znajdziesz tu te same szybkie \u0142adowanie i wysok\u0105 jako\u015b\u0107 streamingu wszystkich gier.<\/p>\n<p><img loading=\"lazy\" decoding=\"async\" src=\"https:\/\/magnetic-slots.com\/wp-content\/uploads\/2025\/12\/MagneticSlots-Desktop.webp\" alt=\"MagneticSlots Desktop\" width=\"1248\" height=\"536\" \/><\/p>\n<\/div><\/div><div style=\"clear: both\"><\/div><div class=\"d-flex justify-content-center\"><button data-item=\"decouvrez_link\" data-group=\"website_links\" class=\"goto fw-bold rounded-pill btn btn-orange\" aria-label=\"Pobierz aplikacj\u0119 MagneticSlots\" >Pobierz aplikacj\u0119 MagneticSlots<\/button><\/div><div class=\"scrollable-content-wrap my-5\"><div class=\"scrollable-content-inner\"><h2>Cz\u0119sto zadawane pytania<\/h2>\n<h3>Gdzie mog\u0119 bezpiecznie pobra\u0107 aplikacj\u0119 Magneticslots App?<\/h3>\n<p>Aplikacj\u0119 Magnetic Slots mo\u017cna bezpiecznie pobra\u0107 wy\u0142\u0105cznie z oficjalnej strony internetowej. Oprogramowanie to jest bardzo lekkie. Nasza oficjalna strona internetowa udost\u0119pnia wersj\u0119 odpowiedni\u0105 dla danego urz\u0105dzenia, kt\u00f3r\u0105 mo\u017cna zainstalowa\u0107 w bezpieczny spos\u00f3b, bez korzystania z zewn\u0119trznych \u017ar\u00f3de\u0142.<\/p>\n<h3>Czy musz\u0119 w\u0142\u0105czy\u0107 specjalne ustawienia, aby zainstalowa\u0107 aplikacj\u0119?<\/h3>\n<p>Nie s\u0105 wymagane \u017cadne specjalne ustawienia. Aplikacja jest instalowana bezpo\u015brednio z oficjalnej strony internetowej jako PWA za po\u015brednictwem przegl\u0105darki. Zostanie ona automatycznie pobrana i pojawi si\u0119 na ekranie g\u0142\u00f3wnym. Nie s\u0105 wymagane \u017cadne dodatkowe ustawienia.<\/p>\n<h3>Czy aplikacja jest darmowa do pobrania i u\u017cywania?<\/h3>\n<p>Tak, aplikacja Magnetic Slots jest ca\u0142kowicie bezp\u0142atna. Mo\u017cna j\u0105 pobra\u0107 bezp\u0142atnie z oficjalnej strony internetowej na dowolne urz\u0105dzenie. Po pobraniu aplikacji u\u017cytkownik uzyska natychmiastowy dost\u0119p do wszystkich funkcji i gier, takich jak automaty online, gry sto\u0142owe, gry kasynowe na \u017cywo i wiele innych.<\/p>\n<h3>Czy mog\u0119 zalogowa\u0107 si\u0119 na to samo konto, co na stronie internetowej?<\/h3>\n<p>Tak, mo\u017cesz zalogowa\u0107 si\u0119 na to samo konto w przegl\u0105darce i w aplikacji. Mo\u017cesz logowa\u0107 si\u0119 z r\u00f3\u017cnych urz\u0105dze\u0144. Po wprowadzeniu nazwy u\u017cytkownika i has\u0142a wszystkie dane zostan\u0105 zsynchronizowane, a saldo i post\u0119py zostan\u0105 zapisane.<\/p>\n<\/div><\/div><\/p>\n","protected":false},"excerpt":{"rendered":"<p>App MagneticSlots Magnetic Slots app zapewnia wszystkie funkcje mobilnego kasyna na ka\u017cdym urz\u0105dzeniu. Nasze oprogramowanie oferuje wysok\u0105 wydajno\u015b\u0107 i zoptymalizowany, adaptacyjny interfejs. Tutaj gracze z Polski maj\u0105 natychmiastowy dost\u0119p do tysi\u0119cy gier: automat\u00f3w, sto\u0142\u00f3w kasynowych na \u017cywo, gier typu crash oraz klasycznych gier sto\u0142owych. Wszystkie gry maj\u0105 zoptymalizowany wygl\u0105d i interfejs dla ka\u017cdego urz\u0105dzenia mobilnego. [&hellip;]<\/p>\n","protected":false},"author":1,"featured_media":0,"parent":0,"menu_order":0,"comment_status":"closed","ping_status":"closed","template":"template-builder.php","meta":{"_acf_changed":false,"inline_featured_image":false,"footnotes":""},"class_list":["post-1440","page","type-page","status-publish","hentry"],"acf":[],"yoast_head":"<!-- This site is optimized with the Yoast SEO plugin v27.3 - https:\/\/yoast.com\/product\/yoast-seo-wordpress\/ -->\n<title>Magnetic Slots App Download | iOS, Android &amp; Desktop<\/title>\n<meta name=\"description\" content=\"Zainstaluj Magnetic Slots App na iOS, Androidzie, Windowsie i macOS, aby gra\u0107 w ponad 6000 gier kasynowych gdziekolwiek jeste\u015b. P\u0142ynne dzia\u0142anie, synchronizacja konta i wsparcie 24\/7 \u2013 wszystko w MagneticSlots.\" \/>\n<meta name=\"robots\" content=\"index, follow, max-snippet:-1, max-image-preview:large, max-video-preview:-1\" \/>\n<link rel=\"canonical\" href=\"https:\/\/magnetic-slots.com\/pl\/aplikacja\/\" \/>\n<meta property=\"og:locale\" content=\"pl_PL\" \/>\n<meta property=\"og:type\" content=\"article\" \/>\n<meta property=\"og:title\" content=\"Magnetic Slots App Download | iOS, Android &amp; Desktop\" \/>\n<meta property=\"og:description\" content=\"Zainstaluj Magnetic Slots App na iOS, Androidzie, Windowsie i macOS, aby gra\u0107 w ponad 6000 gier kasynowych gdziekolwiek jeste\u015b. P\u0142ynne dzia\u0142anie, synchronizacja konta i wsparcie 24\/7 \u2013 wszystko w MagneticSlots.\" \/>\n<meta property=\"og:url\" content=\"https:\/\/magnetic-slots.com\/pl\/aplikacja\/\" \/>\n<meta property=\"og:site_name\" content=\"magnetic-slots\" \/>\n<meta property=\"article:modified_time\" content=\"2025-12-12T14:07:18+00:00\" \/>\n<meta name=\"twitter:card\" content=\"summary_large_image\" \/>\n<meta name=\"twitter:label1\" content=\"Est. reading time\" \/>\n\t<meta name=\"twitter:data1\" content=\"2 minutes\" \/>\n<script type=\"application\/ld+json\" class=\"yoast-schema-graph\">{\"@context\":\"https:\\\/\\\/schema.org\",\"@graph\":[{\"@type\":\"WebPage\",\"@id\":\"https:\\\/\\\/magnetic-slots.com\\\/pl\\\/aplikacja\\\/\",\"url\":\"https:\\\/\\\/magnetic-slots.com\\\/pl\\\/aplikacja\\\/\",\"name\":\"Magnetic Slots App Download | iOS, Android & Desktop\",\"isPartOf\":{\"@id\":\"https:\\\/\\\/magnetic-slots.com\\\/pl\\\/#website\"},\"datePublished\":\"2025-12-12T10:24:45+00:00\",\"dateModified\":\"2025-12-12T14:07:18+00:00\",\"description\":\"Zainstaluj Magnetic Slots App na iOS, Androidzie, Windowsie i macOS, aby gra\u0107 w ponad 6000 gier kasynowych gdziekolwiek jeste\u015b. P\u0142ynne dzia\u0142anie, synchronizacja konta i wsparcie 24\\\/7 \u2013 wszystko w MagneticSlots.\",\"breadcrumb\":{\"@id\":\"https:\\\/\\\/magnetic-slots.com\\\/pl\\\/aplikacja\\\/#breadcrumb\"},\"inLanguage\":\"pl-PL\",\"potentialAction\":[{\"@type\":\"ReadAction\",\"target\":[\"https:\\\/\\\/magnetic-slots.com\\\/pl\\\/aplikacja\\\/\"]}]},{\"@type\":\"BreadcrumbList\",\"@id\":\"https:\\\/\\\/magnetic-slots.com\\\/pl\\\/aplikacja\\\/#breadcrumb\",\"itemListElement\":[{\"@type\":\"ListItem\",\"position\":1,\"name\":\"Magneticslots\",\"item\":\"https:\\\/\\\/magnetic-slots.com\\\/pl\\\/\"},{\"@type\":\"ListItem\",\"position\":2,\"name\":\"Aplikacja\"}]},{\"@type\":\"WebSite\",\"@id\":\"https:\\\/\\\/magnetic-slots.com\\\/pl\\\/#website\",\"url\":\"https:\\\/\\\/magnetic-slots.com\\\/pl\\\/\",\"name\":\"Magneticslots\",\"description\":\"\",\"publisher\":{\"@id\":\"https:\\\/\\\/magnetic-slots.com\\\/pl\\\/#organization\"},\"potentialAction\":[{\"@type\":\"SearchAction\",\"target\":{\"@type\":\"EntryPoint\",\"urlTemplate\":\"https:\\\/\\\/magnetic-slots.com\\\/pl\\\/?s={search_term_string}\"},\"query-input\":{\"@type\":\"PropertyValueSpecification\",\"valueRequired\":true,\"valueName\":\"search_term_string\"}}],\"inLanguage\":\"pl-PL\"},{\"@type\":\"Organization\",\"@id\":\"https:\\\/\\\/magnetic-slots.com\\\/pl\\\/#organization\",\"name\":\"Magneticslots\",\"url\":\"https:\\\/\\\/magnetic-slots.com\\\/pl\\\/\",\"logo\":{\"@type\":\"ImageObject\",\"inLanguage\":\"pl-PL\",\"@id\":\"https:\\\/\\\/magnetic-slots.com\\\/pl\\\/#\\\/schema\\\/logo\\\/image\\\/\",\"url\":\"https:\\\/\\\/magnetic-slots.com\\\/wp-content\\\/uploads\\\/2025\\\/12\\\/logo.svg\",\"contentUrl\":\"https:\\\/\\\/magnetic-slots.com\\\/wp-content\\\/uploads\\\/2025\\\/12\\\/logo.svg\",\"width\":160,\"height\":27,\"caption\":\"Magneticslots\"},\"image\":{\"@id\":\"https:\\\/\\\/magnetic-slots.com\\\/pl\\\/#\\\/schema\\\/logo\\\/image\\\/\"}}]}<\/script>\n<!-- \/ Yoast SEO plugin. -->","yoast_head_json":{"title":"Magnetic Slots App Download | iOS, Android & Desktop","description":"Zainstaluj Magnetic Slots App na iOS, Androidzie, Windowsie i macOS, aby gra\u0107 w ponad 6000 gier kasynowych gdziekolwiek jeste\u015b. P\u0142ynne dzia\u0142anie, synchronizacja konta i wsparcie 24\/7 \u2013 wszystko w MagneticSlots.","robots":{"index":"index","follow":"follow","max-snippet":"max-snippet:-1","max-image-preview":"max-image-preview:large","max-video-preview":"max-video-preview:-1"},"canonical":"https:\/\/magnetic-slots.com\/pl\/aplikacja\/","og_locale":"pl_PL","og_type":"article","og_title":"Magnetic Slots App Download | iOS, Android & Desktop","og_description":"Zainstaluj Magnetic Slots App na iOS, Androidzie, Windowsie i macOS, aby gra\u0107 w ponad 6000 gier kasynowych gdziekolwiek jeste\u015b. P\u0142ynne dzia\u0142anie, synchronizacja konta i wsparcie 24\/7 \u2013 wszystko w MagneticSlots.","og_url":"https:\/\/magnetic-slots.com\/pl\/aplikacja\/","og_site_name":"magnetic-slots","article_modified_time":"2025-12-12T14:07:18+00:00","twitter_card":"summary_large_image","twitter_misc":{"Est. reading time":"2 minutes"},"schema":{"@context":"https:\/\/schema.org","@graph":[{"@type":"WebPage","@id":"https:\/\/magnetic-slots.com\/pl\/aplikacja\/","url":"https:\/\/magnetic-slots.com\/pl\/aplikacja\/","name":"Magnetic Slots App Download | iOS, Android & Desktop","isPartOf":{"@id":"https:\/\/magnetic-slots.com\/pl\/#website"},"datePublished":"2025-12-12T10:24:45+00:00","dateModified":"2025-12-12T14:07:18+00:00","description":"Zainstaluj Magnetic Slots App na iOS, Androidzie, Windowsie i macOS, aby gra\u0107 w ponad 6000 gier kasynowych gdziekolwiek jeste\u015b. P\u0142ynne dzia\u0142anie, synchronizacja konta i wsparcie 24\/7 \u2013 wszystko w MagneticSlots.","breadcrumb":{"@id":"https:\/\/magnetic-slots.com\/pl\/aplikacja\/#breadcrumb"},"inLanguage":"pl-PL","potentialAction":[{"@type":"ReadAction","target":["https:\/\/magnetic-slots.com\/pl\/aplikacja\/"]}]},{"@type":"BreadcrumbList","@id":"https:\/\/magnetic-slots.com\/pl\/aplikacja\/#breadcrumb","itemListElement":[{"@type":"ListItem","position":1,"name":"Magneticslots","item":"https:\/\/magnetic-slots.com\/pl\/"},{"@type":"ListItem","position":2,"name":"Aplikacja"}]},{"@type":"WebSite","@id":"https:\/\/magnetic-slots.com\/pl\/#website","url":"https:\/\/magnetic-slots.com\/pl\/","name":"Magneticslots","description":"","publisher":{"@id":"https:\/\/magnetic-slots.com\/pl\/#organization"},"potentialAction":[{"@type":"SearchAction","target":{"@type":"EntryPoint","urlTemplate":"https:\/\/magnetic-slots.com\/pl\/?s={search_term_string}"},"query-input":{"@type":"PropertyValueSpecification","valueRequired":true,"valueName":"search_term_string"}}],"inLanguage":"pl-PL"},{"@type":"Organization","@id":"https:\/\/magnetic-slots.com\/pl\/#organization","name":"Magneticslots","url":"https:\/\/magnetic-slots.com\/pl\/","logo":{"@type":"ImageObject","inLanguage":"pl-PL","@id":"https:\/\/magnetic-slots.com\/pl\/#\/schema\/logo\/image\/","url":"https:\/\/magnetic-slots.com\/wp-content\/uploads\/2025\/12\/logo.svg","contentUrl":"https:\/\/magnetic-slots.com\/wp-content\/uploads\/2025\/12\/logo.svg","width":160,"height":27,"caption":"Magneticslots"},"image":{"@id":"https:\/\/magnetic-slots.com\/pl\/#\/schema\/logo\/image\/"}}]}},"_links":{"self":[{"href":"https:\/\/magnetic-slots.com\/pl\/wp-json\/wp\/v2\/pages\/1440","targetHints":{"allow":["GET"]}}],"collection":[{"href":"https:\/\/magnetic-slots.com\/pl\/wp-json\/wp\/v2\/pages"}],"about":[{"href":"https:\/\/magnetic-slots.com\/pl\/wp-json\/wp\/v2\/types\/page"}],"author":[{"embeddable":true,"href":"https:\/\/magnetic-slots.com\/pl\/wp-json\/wp\/v2\/users\/1"}],"replies":[{"embeddable":true,"href":"https:\/\/magnetic-slots.com\/pl\/wp-json\/wp\/v2\/comments?post=1440"}],"version-history":[{"count":2,"href":"https:\/\/magnetic-slots.com\/pl\/wp-json\/wp\/v2\/pages\/1440\/revisions"}],"predecessor-version":[{"id":1822,"href":"https:\/\/magnetic-slots.com\/pl\/wp-json\/wp\/v2\/pages\/1440\/revisions\/1822"}],"wp:attachment":[{"href":"https:\/\/magnetic-slots.com\/pl\/wp-json\/wp\/v2\/media?parent=1440"}],"curies":[{"name":"wp","href":"https:\/\/api.w.org\/{rel}","templated":true}]}}