{"id":1438,"date":"2025-12-12T10:24:45","date_gmt":"2025-12-12T10:24:45","guid":{"rendered":"https:\/\/magnetic-slots.com\/app\/"},"modified":"2025-12-12T13:45:58","modified_gmt":"2025-12-12T13:45:58","slug":"applicazione","status":"publish","type":"page","link":"https:\/\/magnetic-slots.com\/it\/applicazione\/","title":{"rendered":"Applicazione"},"content":{"rendered":"<h1>App MagneticSlots<\/h1>\n<p>Magnetic Slots app offre tutte le funzionalit\u00e0 di un casin\u00f2 mobile su qualsiasi dispositivo. Il nostro software offre prestazioni elevate e un&#8217;interfaccia adattiva ottimizzata. Qui, i giocatori italiani hanno accesso immediato a migliaia di giochi: slot, tavoli da casin\u00f2 dal vivo, titoli crash e giochi da tavolo classici. Tutti i giochi hanno un design e un&#8217;interfaccia ottimizzati per qualsiasi dispositivo mobile. Qui sono disponibili pagamenti, bonus, impostazioni dell&#8217;account, il processo di verifica e l&#8217;assistenza. Tutte le funzionalit\u00e0 della piattaforma desktop sono completamente integrate. Supportiamo elevate velocit\u00e0 di download e streaming di alta qualit\u00e0.<\/p>\n<div class=\"banner-wrap\" aria-label=\"Banner\"><img src=\"https:\/\/magnetic-slots.com\/wp-content\/uploads\/2025\/12\/header-bg-1.webp\" class=\"w-100 d-none d-lg-block img-pc main-banner-img\" alt=\"MagneticSlots desktop banner\" fetchpriority=\"high\" decoding=\"async\"><img src=\"https:\/\/magnetic-slots.com\/wp-content\/uploads\/2025\/12\/MagneticSlots-mobile-banner.webp\" class=\"w-100 d-none d-md-block d-lg-none main-banner-img\" alt=\"MagneticSlots mobile banner\" fetchpriority=\"high\" decoding=\"async\"><img src=\"https:\/\/magnetic-slots.com\/wp-content\/uploads\/2025\/12\/MagneticSlots-mobile-banner.webp\" class=\"w-100 d-md-none\" alt=\"MagneticSlots mobile banner\" fetchpriority=\"high\" decoding=\"async\"><div class=\"banner-description\">\n<div class=\"banner-title\">Bonus di benvenuto<\/div>\n<p class=\"banner-header-title\">1500 \u20ac<\/p>\n<div class=\"banner-header-AdditionalText\">+ 250 Giri gratuiti<\/div>\n<button data-item=\"homepage_banner_link\" class=\"goto m-button m-gradient-border m-button--primary m-button--large banner-button btn-orange\">\n            <div class=\"m-button-content\">\n                <span>Iscriviti ora<\/span>\n                <span><\/span>\n            <\/div>\n        <\/button>\n<\/div>\n<div class=\"WelcomePack\">\n<p><img loading=\"lazy\" decoding=\"async\" class=\"alignnone size-full wp-image-1338\" src=\"https:\/\/magnetic-slots.com\/wp-content\/uploads\/2025\/12\/welcome-crown.svg\" alt=\"crown\" width=\"25\" height=\"26\" \/><\/p>\n<div class=\"WelcomePack-Info\">Cashback settimanale fino al 25%<\/div>\n<p><img loading=\"lazy\" decoding=\"async\" class=\"alignnone size-full wp-image-1338\" src=\"https:\/\/magnetic-slots.com\/wp-content\/uploads\/2025\/12\/welcome-crown.svg\" alt=\"crown\" width=\"25\" height=\"26\" \/><\/p>\n<\/div>\n<\/div>\n<h2>Applicazione delle fessure magnetiche<\/h2>\n<p>L&#8217;app Magnetic Slots offre un&#8217;esperienza di gioco ottimizzata per una maggiore flessibilit\u00e0. Il software riproduce tutte le funzionalit\u00e0 delle versioni desktop e web. Tuttavia, l&#8217;app offre una navigazione semplificata e un accesso immediato. Il nostro software \u00e8 portatile e rappresenta una valida alternativa alla versione per computer. Offre le stesse funzionalit\u00e0 con una maggiore mobilit\u00e0.<\/p>\n<table>\n<tbody>\n<tr>\n<td>Caratteristica<\/td>\n<td>App mobile<\/td>\n<td>Versione PC<\/td>\n<\/tr>\n<tr>\n<td>Portabilit\u00e0<\/td>\n<td>Accesso completo ovunque dal cellulare<\/td>\n<td>Fisso, richiede configurazione PC<\/td>\n<\/tr>\n<tr>\n<td>Interfaccia<\/td>\n<td>Menu adattivi e ottimizzati per il touch<\/td>\n<td>Schermo pi\u00f9 grande con layout ampliato<\/td>\n<\/tr>\n<tr>\n<td>Prestazioni<\/td>\n<td>Caricamento veloce, funzionamento leggero<\/td>\n<td>Prestazioni elevate con hardware stabile<\/td>\n<\/tr>\n<tr>\n<td>Esperienza di gioco<\/td>\n<td>Gameplay fluido, streaming live in HD<\/td>\n<td>Campo visivo pi\u00f9 ampio e grafica pi\u00f9 grande<\/td>\n<\/tr>\n<tr>\n<td>Pagamenti e assistenza<\/td>\n<td>Depositi, prelievi e chat live con un solo tocco<\/td>\n<td>Dashboard completo con strumenti avanzati<\/td>\n<\/tr>\n<tr>\n<td>Notifiche<\/td>\n<td>Avvisi push per bonus e tornei<\/td>\n<td>Nessuna notifica push<\/td>\n<\/tr>\n<\/tbody>\n<\/table>\n<p><div class=\"scrollable-content-wrap my-5\"><div class=\"scrollable-content-inner\"><h2>App Magnetic Slots &#8211; Android<\/h2>\n<p>La nostra app \u00e8 disponibile per tutti i dispositivi Android. L&#8217;app Magnetic Slots per Android \u00e8 disponibile come app web progressiva (PWA). La nostra PWA ha tutte le funzionalit\u00e0 della versione desktop e pu\u00f2 essere scaricata direttamente dal browser. Tutti i giochi, i pagamenti, le impostazioni dell&#8217;account, l&#8217;assistenza e le promozioni sono disponibili nella PWA per Android. La PWA \u00e8 adatta a qualsiasi dispositivo Android.<\/p>\n<h3>MagneticSlots APK<\/h3>\n<p>Non \u00e8 necessario cercare il file APK Magnetic Slots negli app store. Il software Magnetic Slots funziona senza file APK. La nostra PWA \u00e8 disponibile per il download direttamente nel tuo browser. Scarica l&#8217;app cliccando sul pulsante &#8220;Casino App&#8221; e si installer\u00e0 automaticamente. Ecco come fare:<\/p>\n<ol>\n<li>Nella parte inferiore della pagina principale, vedrai un pulsante per scaricare il software.<\/li>\n<li>Clicca su &#8220;App Casin\u00f2&#8221;.<\/li>\n<li>L&#8217;app apparir\u00e0 sulla schermata iniziale.<\/li>\n<\/ol>\n<p>In caso di problemi con il download, \u00e8 possibile contattare il nostro team di assistenza tramite live chat o e-mail.<\/p>\n<p><img loading=\"lazy\" decoding=\"async\" src=\"https:\/\/magnetic-slots.com\/wp-content\/uploads\/2025\/12\/MagneticSlots-Android.webp\" alt=\"MagneticSlots Android\" width=\"1248\" height=\"536\" \/><\/p>\n<\/div><\/div><div style=\"clear: both\"><\/div><div class=\"d-flex justify-content-center\"><button data-item=\"decouvrez_link\" data-group=\"website_links\" class=\"goto fw-bold rounded-pill btn btn-orange\" aria-label=\"Scarica l&#039;app MagneticSlots\" >Scarica l&#039;app MagneticSlots<\/button><\/div><div class=\"scrollable-content-wrap my-5\"><div class=\"scrollable-content-inner\"><h2>App Magnetic Slots Casino per iOS<\/h2>\n<p>L&#8217;app Magnetic Slots Casino per iOS offre un gameplay veloce su tutti i dispositivi Apple. Il software fornisce un accesso rapido al casin\u00f2 Magnetic Slots con tutti i nostri giochi. Il software funziona direttamente tramite il browser Safari. Se installi l&#8217;app sulla schermata iniziale del tuo dispositivo iOS, riceverai notifiche push su tutte le nuove promozioni e gli aggiornamenti. Per scaricare il software Magnetic Slots su iOS, non \u00e8 necessario cercare nulla nell&#8217;App Store. Come installare l&#8217;applicazione Magnetic Slots tramite il browser Safari:<\/p>\n<ol>\n<li>Clicca su &#8220;Condividi&#8221; nella parte inferiore della nostra home page.<\/li>\n<li>Seleziona &#8220;Aggiungi alla schermata Home&#8221;.<\/li>\n<li>L&#8217;app apparir\u00e0 automaticamente sulla schermata iniziale.<\/li>\n<\/ol>\n<p><img loading=\"lazy\" decoding=\"async\" src=\"https:\/\/magnetic-slots.com\/wp-content\/uploads\/2025\/12\/MagneticSlots-iOS.webp\" alt=\"MagneticSlots iOS\" width=\"1248\" height=\"536\" \/><\/p>\n<\/div><\/div><div style=\"clear: both\"><\/div><div class=\"d-flex justify-content-center\"><button data-item=\"decouvrez_link\" data-group=\"website_links\" class=\"goto fw-bold rounded-pill btn btn-orange\" aria-label=\"Scarica MagneticSlots\" >Scarica MagneticSlots<\/button><\/div><div class=\"scrollable-content-wrap my-5\"><div class=\"scrollable-content-inner\"><h2>App MagneticSlots per desktop<\/h2>\n<p>L&#8217;app MagneticSlots per PC offre agli utenti Windows e Mac un accesso rapido all&#8217;intera piattaforma del casin\u00f2. L&#8217;app per PC non richiede alcun download o installazione. Invece di scaricare il software tradizionale, i giocatori possono semplicemente visitare il nostro sito web e creare un collegamento sul proprio desktop. Questo collegamento funziona come un&#8217;app web autonoma con accesso a tutti i giochi, i pagamenti, le promozioni e le funzionalit\u00e0 dell&#8217;account.<\/p>\n<p>Visita il nostro sito web e crea un collegamento nelle impostazioni del browser per un accesso rapido dal desktop. Puoi avviare Magnetic Slots dal desktop come un normale programma. Qui troverai lo stesso caricamento veloce e lo streaming di alta qualit\u00e0 di tutti i giochi.<\/p>\n<p><img loading=\"lazy\" decoding=\"async\" src=\"https:\/\/magnetic-slots.com\/wp-content\/uploads\/2025\/12\/MagneticSlots-Desktop.webp\" alt=\"MagneticSlots Desktop\" width=\"1248\" height=\"536\" \/><\/p>\n<\/div><\/div><div style=\"clear: both\"><\/div><div class=\"d-flex justify-content-center\"><button data-item=\"decouvrez_link\" data-group=\"website_links\" class=\"goto fw-bold rounded-pill btn btn-orange\" aria-label=\"Scarica l&#039;app MagneticSlots\" >Scarica l&#039;app MagneticSlots<\/button><\/div><div class=\"scrollable-content-wrap my-5\"><div class=\"scrollable-content-inner\"><h2>Domande frequenti<\/h2>\n<h3>Dove posso scaricare in modo sicuro l&#8217;app Magneticslots?<\/h3>\n<p>\u00c8 possibile scaricare in modo sicuro l&#8217;app Magnetic Slots solo dal sito web ufficiale. Questo software \u00e8 molto leggero. Il nostro sito web ufficiale fornisce la versione corretta per il tuo dispositivo con un&#8217;installazione sicura senza utilizzare fonti di terze parti.<\/p>\n<h3>Devo abilitare impostazioni speciali per installare l&#8217;app?<\/h3>\n<p>Non sono necessarie impostazioni particolari. L&#8217;app viene installata direttamente dal sito web ufficiale come PWA tramite un browser. Verr\u00e0 scaricata automaticamente e apparir\u00e0 sulla schermata iniziale. Non sono necessarie ulteriori impostazioni.<\/p>\n<h3>L&#8217;app \u00e8 scaricabile e utilizzabile gratuitamente?<\/h3>\n<p>S\u00ec, l&#8217;app Magnetic Slots \u00e8 completamente gratuita. Puoi scaricarla gratuitamente dal sito web ufficiale su qualsiasi dispositivo. Una volta scaricata, avrai immediatamente accesso a tutte le funzionalit\u00e0 e ai giochi, come slot online, giochi da tavolo, giochi da casin\u00f2 dal vivo e altro ancora.<\/p>\n<h3>Posso accedere con lo stesso account utilizzato sul sito web?<\/h3>\n<p>S\u00ec, puoi accedere allo stesso account dal browser e dall&#8217;app. Puoi effettuare l&#8217;accesso da dispositivi diversi. Una volta inseriti nome utente e password, tutti i tuoi dati saranno sincronizzati e il tuo saldo e i tuoi progressi saranno salvati.<\/p>\n<\/div><\/div><\/p>\n","protected":false},"excerpt":{"rendered":"<p>App MagneticSlots Magnetic Slots app offre tutte le funzionalit\u00e0 di un casin\u00f2 mobile su qualsiasi dispositivo. Il nostro software offre prestazioni elevate e un&#8217;interfaccia adattiva ottimizzata. Qui, i giocatori italiani hanno accesso immediato a migliaia di giochi: slot, tavoli da casin\u00f2 dal vivo, titoli crash e giochi da tavolo classici. Tutti i giochi hanno un [&hellip;]<\/p>\n","protected":false},"author":1,"featured_media":0,"parent":0,"menu_order":0,"comment_status":"closed","ping_status":"closed","template":"template-builder.php","meta":{"_acf_changed":false,"inline_featured_image":false,"footnotes":""},"class_list":["post-1438","page","type-page","status-publish","hentry"],"acf":[],"yoast_head":"<!-- This site is optimized with the Yoast SEO plugin v27.3 - https:\/\/yoast.com\/product\/yoast-seo-wordpress\/ -->\n<title>Magnetic Slots App Download | iOS, Android &amp; Desktop<\/title>\n<meta name=\"description\" content=\"Installa Magnetic Slots App su iOS, Android, Windows e macOS per giocare a oltre 6000 giochi del casin\u00f2 ovunque. Prestazioni fluide, sincronizzazione account e supporto 24\/7 \u2013 tutto in MagneticSlots.\" \/>\n<meta name=\"robots\" content=\"index, follow, max-snippet:-1, max-image-preview:large, max-video-preview:-1\" \/>\n<link rel=\"canonical\" href=\"https:\/\/magnetic-slots.com\/it\/applicazione\/\" \/>\n<meta property=\"og:locale\" content=\"it_IT\" \/>\n<meta property=\"og:type\" content=\"article\" \/>\n<meta property=\"og:title\" content=\"Magnetic Slots App Download | iOS, Android &amp; Desktop\" \/>\n<meta property=\"og:description\" content=\"Installa Magnetic Slots App su iOS, Android, Windows e macOS per giocare a oltre 6000 giochi del casin\u00f2 ovunque. Prestazioni fluide, sincronizzazione account e supporto 24\/7 \u2013 tutto in MagneticSlots.\" \/>\n<meta property=\"og:url\" content=\"https:\/\/magnetic-slots.com\/it\/applicazione\/\" \/>\n<meta property=\"og:site_name\" content=\"magnetic-slots\" \/>\n<meta property=\"article:modified_time\" content=\"2025-12-12T13:45:58+00:00\" \/>\n<meta name=\"twitter:card\" content=\"summary_large_image\" \/>\n<meta name=\"twitter:label1\" content=\"Est. reading time\" \/>\n\t<meta name=\"twitter:data1\" content=\"2 minutes\" \/>\n<script type=\"application\/ld+json\" class=\"yoast-schema-graph\">{\"@context\":\"https:\\\/\\\/schema.org\",\"@graph\":[{\"@type\":\"WebPage\",\"@id\":\"https:\\\/\\\/magnetic-slots.com\\\/it\\\/applicazione\\\/\",\"url\":\"https:\\\/\\\/magnetic-slots.com\\\/it\\\/applicazione\\\/\",\"name\":\"Magnetic Slots App Download | iOS, Android & Desktop\",\"isPartOf\":{\"@id\":\"https:\\\/\\\/magnetic-slots.com\\\/it\\\/#website\"},\"datePublished\":\"2025-12-12T10:24:45+00:00\",\"dateModified\":\"2025-12-12T13:45:58+00:00\",\"description\":\"Installa Magnetic Slots App su iOS, Android, Windows e macOS per giocare a oltre 6000 giochi del casin\u00f2 ovunque. Prestazioni fluide, sincronizzazione account e supporto 24\\\/7 \u2013 tutto in MagneticSlots.\",\"breadcrumb\":{\"@id\":\"https:\\\/\\\/magnetic-slots.com\\\/it\\\/applicazione\\\/#breadcrumb\"},\"inLanguage\":\"it-IT\",\"potentialAction\":[{\"@type\":\"ReadAction\",\"target\":[\"https:\\\/\\\/magnetic-slots.com\\\/it\\\/applicazione\\\/\"]}]},{\"@type\":\"BreadcrumbList\",\"@id\":\"https:\\\/\\\/magnetic-slots.com\\\/it\\\/applicazione\\\/#breadcrumb\",\"itemListElement\":[{\"@type\":\"ListItem\",\"position\":1,\"name\":\"Magneticslots\",\"item\":\"https:\\\/\\\/magnetic-slots.com\\\/it\\\/\"},{\"@type\":\"ListItem\",\"position\":2,\"name\":\"Applicazione\"}]},{\"@type\":\"WebSite\",\"@id\":\"https:\\\/\\\/magnetic-slots.com\\\/it\\\/#website\",\"url\":\"https:\\\/\\\/magnetic-slots.com\\\/it\\\/\",\"name\":\"Magneticslots\",\"description\":\"\",\"publisher\":{\"@id\":\"https:\\\/\\\/magnetic-slots.com\\\/it\\\/#organization\"},\"potentialAction\":[{\"@type\":\"SearchAction\",\"target\":{\"@type\":\"EntryPoint\",\"urlTemplate\":\"https:\\\/\\\/magnetic-slots.com\\\/it\\\/?s={search_term_string}\"},\"query-input\":{\"@type\":\"PropertyValueSpecification\",\"valueRequired\":true,\"valueName\":\"search_term_string\"}}],\"inLanguage\":\"it-IT\"},{\"@type\":\"Organization\",\"@id\":\"https:\\\/\\\/magnetic-slots.com\\\/it\\\/#organization\",\"name\":\"Magneticslots\",\"url\":\"https:\\\/\\\/magnetic-slots.com\\\/it\\\/\",\"logo\":{\"@type\":\"ImageObject\",\"inLanguage\":\"it-IT\",\"@id\":\"https:\\\/\\\/magnetic-slots.com\\\/it\\\/#\\\/schema\\\/logo\\\/image\\\/\",\"url\":\"https:\\\/\\\/magnetic-slots.com\\\/wp-content\\\/uploads\\\/2025\\\/12\\\/logo.svg\",\"contentUrl\":\"https:\\\/\\\/magnetic-slots.com\\\/wp-content\\\/uploads\\\/2025\\\/12\\\/logo.svg\",\"width\":160,\"height\":27,\"caption\":\"Magneticslots\"},\"image\":{\"@id\":\"https:\\\/\\\/magnetic-slots.com\\\/it\\\/#\\\/schema\\\/logo\\\/image\\\/\"}}]}<\/script>\n<!-- \/ Yoast SEO plugin. -->","yoast_head_json":{"title":"Magnetic Slots App Download | iOS, Android & Desktop","description":"Installa Magnetic Slots App su iOS, Android, Windows e macOS per giocare a oltre 6000 giochi del casin\u00f2 ovunque. Prestazioni fluide, sincronizzazione account e supporto 24\/7 \u2013 tutto in MagneticSlots.","robots":{"index":"index","follow":"follow","max-snippet":"max-snippet:-1","max-image-preview":"max-image-preview:large","max-video-preview":"max-video-preview:-1"},"canonical":"https:\/\/magnetic-slots.com\/it\/applicazione\/","og_locale":"it_IT","og_type":"article","og_title":"Magnetic Slots App Download | iOS, Android & Desktop","og_description":"Installa Magnetic Slots App su iOS, Android, Windows e macOS per giocare a oltre 6000 giochi del casin\u00f2 ovunque. Prestazioni fluide, sincronizzazione account e supporto 24\/7 \u2013 tutto in MagneticSlots.","og_url":"https:\/\/magnetic-slots.com\/it\/applicazione\/","og_site_name":"magnetic-slots","article_modified_time":"2025-12-12T13:45:58+00:00","twitter_card":"summary_large_image","twitter_misc":{"Est. reading time":"2 minutes"},"schema":{"@context":"https:\/\/schema.org","@graph":[{"@type":"WebPage","@id":"https:\/\/magnetic-slots.com\/it\/applicazione\/","url":"https:\/\/magnetic-slots.com\/it\/applicazione\/","name":"Magnetic Slots App Download | iOS, Android & Desktop","isPartOf":{"@id":"https:\/\/magnetic-slots.com\/it\/#website"},"datePublished":"2025-12-12T10:24:45+00:00","dateModified":"2025-12-12T13:45:58+00:00","description":"Installa Magnetic Slots App su iOS, Android, Windows e macOS per giocare a oltre 6000 giochi del casin\u00f2 ovunque. Prestazioni fluide, sincronizzazione account e supporto 24\/7 \u2013 tutto in MagneticSlots.","breadcrumb":{"@id":"https:\/\/magnetic-slots.com\/it\/applicazione\/#breadcrumb"},"inLanguage":"it-IT","potentialAction":[{"@type":"ReadAction","target":["https:\/\/magnetic-slots.com\/it\/applicazione\/"]}]},{"@type":"BreadcrumbList","@id":"https:\/\/magnetic-slots.com\/it\/applicazione\/#breadcrumb","itemListElement":[{"@type":"ListItem","position":1,"name":"Magneticslots","item":"https:\/\/magnetic-slots.com\/it\/"},{"@type":"ListItem","position":2,"name":"Applicazione"}]},{"@type":"WebSite","@id":"https:\/\/magnetic-slots.com\/it\/#website","url":"https:\/\/magnetic-slots.com\/it\/","name":"Magneticslots","description":"","publisher":{"@id":"https:\/\/magnetic-slots.com\/it\/#organization"},"potentialAction":[{"@type":"SearchAction","target":{"@type":"EntryPoint","urlTemplate":"https:\/\/magnetic-slots.com\/it\/?s={search_term_string}"},"query-input":{"@type":"PropertyValueSpecification","valueRequired":true,"valueName":"search_term_string"}}],"inLanguage":"it-IT"},{"@type":"Organization","@id":"https:\/\/magnetic-slots.com\/it\/#organization","name":"Magneticslots","url":"https:\/\/magnetic-slots.com\/it\/","logo":{"@type":"ImageObject","inLanguage":"it-IT","@id":"https:\/\/magnetic-slots.com\/it\/#\/schema\/logo\/image\/","url":"https:\/\/magnetic-slots.com\/wp-content\/uploads\/2025\/12\/logo.svg","contentUrl":"https:\/\/magnetic-slots.com\/wp-content\/uploads\/2025\/12\/logo.svg","width":160,"height":27,"caption":"Magneticslots"},"image":{"@id":"https:\/\/magnetic-slots.com\/it\/#\/schema\/logo\/image\/"}}]}},"_links":{"self":[{"href":"https:\/\/magnetic-slots.com\/it\/wp-json\/wp\/v2\/pages\/1438","targetHints":{"allow":["GET"]}}],"collection":[{"href":"https:\/\/magnetic-slots.com\/it\/wp-json\/wp\/v2\/pages"}],"about":[{"href":"https:\/\/magnetic-slots.com\/it\/wp-json\/wp\/v2\/types\/page"}],"author":[{"embeddable":true,"href":"https:\/\/magnetic-slots.com\/it\/wp-json\/wp\/v2\/users\/1"}],"replies":[{"embeddable":true,"href":"https:\/\/magnetic-slots.com\/it\/wp-json\/wp\/v2\/comments?post=1438"}],"version-history":[{"count":2,"href":"https:\/\/magnetic-slots.com\/it\/wp-json\/wp\/v2\/pages\/1438\/revisions"}],"predecessor-version":[{"id":1766,"href":"https:\/\/magnetic-slots.com\/it\/wp-json\/wp\/v2\/pages\/1438\/revisions\/1766"}],"wp:attachment":[{"href":"https:\/\/magnetic-slots.com\/it\/wp-json\/wp\/v2\/media?parent=1438"}],"curies":[{"name":"wp","href":"https:\/\/api.w.org\/{rel}","templated":true}]}}