{"id":1433,"date":"2025-12-12T10:24:45","date_gmt":"2025-12-12T10:24:45","guid":{"rendered":"https:\/\/magnetic-slots.com\/app\/"},"modified":"2025-12-24T13:32:39","modified_gmt":"2025-12-24T13:32:39","slug":"app","status":"publish","type":"page","link":"https:\/\/magnetic-slots.com\/fr\/app\/","title":{"rendered":"App"},"content":{"rendered":"<h1>App MagneticSlots<\/h1>\n<p>Magnetic Slots app offre toutes les fonctionnalit\u00e9s d&rsquo;un casino mobile sur n&rsquo;importe quel appareil. Notre logiciel offre des performances \u00e9lev\u00e9es et une interface adaptative optimis\u00e9e. Ici, les joueurs ont un acc\u00e8s instantan\u00e9 \u00e0 des milliers de jeux : machines \u00e0 sous, tables de casino en direct, titres crash et jeux de table classiques. Tous les jeux ont un design et une interface optimis\u00e9s pour n&rsquo;importe quel appareil mobile. Les paiements, les bonus, les param\u00e8tres du compte, le processus de v\u00e9rification et l&rsquo;assistance sont disponibles ici. Toutes les fonctionnalit\u00e9s de la plateforme de bureau sont enti\u00e8rement int\u00e9gr\u00e9es. Nous prenons en charge des vitesses de t\u00e9l\u00e9chargement \u00e9lev\u00e9es et un streaming de haute qualit\u00e9.<\/p>\n<div class=\"banner-wrap\" aria-label=\"Banner\"><img src=\"https:\/\/magnetic-slots.com\/wp-content\/uploads\/2025\/12\/header-bg-1.webp\" class=\"w-100 d-none d-lg-block img-pc main-banner-img\" alt=\"MagneticSlots desktop banner\" fetchpriority=\"high\" decoding=\"async\"><img src=\"https:\/\/magnetic-slots.com\/wp-content\/uploads\/2025\/12\/MagneticSlots-mobile-banner.webp\" class=\"w-100 d-none d-md-block d-lg-none main-banner-img\" alt=\"MagneticSlots mobile banner\" fetchpriority=\"high\" decoding=\"async\"><img src=\"https:\/\/magnetic-slots.com\/wp-content\/uploads\/2025\/12\/MagneticSlots-mobile-banner.webp\" class=\"w-100 d-md-none\" alt=\"MagneticSlots mobile banner\" fetchpriority=\"high\" decoding=\"async\"><div class=\"banner-description\">\n<div class=\"banner-title\">Bonus de bienvenue<\/div>\n<p class=\"banner-header-title\">1000 \u20ac<\/p>\n<div class=\"banner-header-AdditionalText\">+ 100 Tours gratuits<\/div>\n<button data-item=\"homepage_banner_link\" class=\"goto m-button m-gradient-border m-button--primary m-button--large banner-button btn-orange\">\n            <div class=\"m-button-content\">\n                <span>Inscrivez-vous d\u00e8s maintenant<\/span>\n                <span><\/span>\n            <\/div>\n        <\/button>\n<\/div>\n<div class=\"WelcomePack\">\n<p><img loading=\"lazy\" decoding=\"async\" class=\"alignnone size-full wp-image-1338\" src=\"https:\/\/magnetic-slots.com\/wp-content\/uploads\/2025\/12\/welcome-crown.svg\" alt=\"crown\" width=\"25\" height=\"26\" \/><\/p>\n<div class=\"WelcomePack-Info\">Cashback hebdomadaire jusqu&rsquo;\u00e0 25 %<\/div>\n<p><img loading=\"lazy\" decoding=\"async\" class=\"alignnone size-full wp-image-1338\" src=\"https:\/\/magnetic-slots.com\/wp-content\/uploads\/2025\/12\/welcome-crown.svg\" alt=\"crown\" width=\"25\" height=\"26\" \/><\/p>\n<\/div>\n<\/div>\n<h2>Application Magnetic Slots<\/h2>\n<p>L&rsquo;application Magnetic Slots offre une exp\u00e9rience de jeu optimis\u00e9e pour une jouabilit\u00e9 flexible. Le logiciel reproduit toutes les fonctionnalit\u00e9s des versions bureau et site web. Cependant, l&rsquo;application offre une navigation simplifi\u00e9e et un acc\u00e8s instantan\u00e9. Notre logiciel est portable et constitue une alternative solide \u00e0 la version ordinateur. Il offre les m\u00eames fonctionnalit\u00e9s avec une mobilit\u00e9 suppl\u00e9mentaire.<\/p>\n<table>\n<tbody>\n<tr>\n<td>Fonctionnalit\u00e9<\/td>\n<td>Application mobile<\/td>\n<td>Version PC<\/td>\n<\/tr>\n<tr>\n<td>Portabilit\u00e9<\/td>\n<td>Acc\u00e8s complet partout sur mobile<\/td>\n<td>Fixe, n\u00e9cessite une configuration PC<\/td>\n<\/tr>\n<tr>\n<td>Interface<\/td>\n<td>Menus adaptatifs et optimis\u00e9s pour le tactile<\/td>\n<td>\u00c9cran plus grand avec mise en page agrandie<\/td>\n<\/tr>\n<tr>\n<td>Performance<\/td>\n<td>Chargement rapide, fonctionnement l\u00e9ger<\/td>\n<td>Haute performance avec un mat\u00e9riel stable<\/td>\n<\/tr>\n<tr>\n<td>Exp\u00e9rience de jeu<\/td>\n<td>Gameplay fluide, diffusions en direct HD<\/td>\n<td>Champ visuel plus large et graphismes plus grands<\/td>\n<\/tr>\n<tr>\n<td>Paiements et assistance<\/td>\n<td>D\u00e9p\u00f4ts, retraits et chat en direct en un seul clic<\/td>\n<td>Tableau de bord complet avec outils avanc\u00e9s<\/td>\n<\/tr>\n<tr>\n<td>Notifications<\/td>\n<td>Alertes push pour les bonus et les tournois<\/td>\n<td>Pas de notifications push<\/td>\n<\/tr>\n<\/tbody>\n<\/table>\n<p><div class=\"scrollable-content-wrap my-5\"><div class=\"scrollable-content-inner\"><h2>Application Magnetic Slots \u2013 Android<\/h2>\n<p>Notre application est disponible pour tous les appareils Android. L&rsquo;application Magnetic Slots pour Android est disponible sous forme d&rsquo;application web progressive (PWA). Notre PWA dispose de toutes les fonctionnalit\u00e9s de la version bureau et peut \u00eatre t\u00e9l\u00e9charg\u00e9e directement depuis votre navigateur. Tous les jeux, paiements, param\u00e8tres de compte, assistance et promotions sont disponibles dans la PWA pour Android. La PWA est compatible avec tous les appareils Android.<\/p>\n<h3>MagneticSlots APK<\/h3>\n<p>Vous n&rsquo;avez pas besoin de rechercher le fichier APK Magnetic Slots dans les boutiques d&rsquo;applications. Le logiciel Magnetic Slots fonctionne sans fichier APK. Notre PWA est disponible en t\u00e9l\u00e9chargement directement dans votre navigateur. T\u00e9l\u00e9chargez l&rsquo;application en cliquant sur le bouton \u00ab Casino App \u00bb et elle s&rsquo;installera automatiquement. Voici comment proc\u00e9der :<\/p>\n<ol>\n<li>Au bas de la page principale, vous verrez un bouton de t\u00e9l\u00e9chargement pour le logiciel.<\/li>\n<li>Cliquez sur \u00ab Application Casino \u00bb.<\/li>\n<li>L&rsquo;application appara\u00eetra sur votre \u00e9cran d&rsquo;accueil.<\/li>\n<\/ol>\n<p>Si vous rencontrez des probl\u00e8mes lors du t\u00e9l\u00e9chargement, vous pouvez contacter notre \u00e9quipe d&rsquo;assistance via le chat en direct ou par e-mail.<\/p>\n<p><img loading=\"lazy\" decoding=\"async\" src=\"https:\/\/magnetic-slots.com\/wp-content\/uploads\/2025\/12\/MagneticSlots-Android.webp\" alt=\"MagneticSlots Android\" width=\"1248\" height=\"536\" \/><\/p>\n<\/div><\/div><div style=\"clear: both\"><\/div><div class=\"d-flex justify-content-center\"><button data-item=\"decouvrez_link\" data-group=\"website_links\" class=\"goto fw-bold rounded-pill btn btn-orange\" aria-label=\"T\u00e9l\u00e9chargez l&#039;application MagneticSlots\" >T\u00e9l\u00e9chargez l&#039;application MagneticSlots<\/button><\/div><div class=\"scrollable-content-wrap my-5\"><div class=\"scrollable-content-inner\"><h2>Application Magnetic Slots Casino pour iOS<\/h2>\n<p>L&rsquo;application Magnetic Slots Casino pour iOS offre une exp\u00e9rience de jeu rapide sur tous les appareils Apple. Le logiciel permet d&rsquo;acc\u00e9der rapidement au casino Magnetic Slots et \u00e0 tous nos jeux. Le logiciel fonctionne directement via le navigateur Safari. Si vous installez l&rsquo;application sur l&rsquo;\u00e9cran d&rsquo;accueil de votre appareil iOS, vous recevrez des notifications push concernant toutes les nouvelles promotions et mises \u00e0 jour. Pour t\u00e9l\u00e9charger le logiciel Magnetic Slots sur iOS, vous n&rsquo;avez pas besoin de rechercher quoi que ce soit dans l&rsquo;App Store. Comment installer l&rsquo;application Magnetic Slots via le navigateur Safari :<\/p>\n<ol>\n<li>Cliquez sur \u00ab Partager \u00bb en bas de notre page d&rsquo;accueil.<\/li>\n<li>S\u00e9lectionnez \u00ab Ajouter \u00e0 l&rsquo;\u00e9cran d&rsquo;accueil \u00bb.<\/li>\n<li>L&rsquo;application appara\u00eetra automatiquement sur votre \u00e9cran d&rsquo;accueil.<\/li>\n<\/ol>\n<p><img loading=\"lazy\" decoding=\"async\" src=\"https:\/\/magnetic-slots.com\/wp-content\/uploads\/2025\/12\/MagneticSlots-iOS.webp\" alt=\"MagneticSlots iOS\" width=\"1248\" height=\"536\" \/><\/p>\n<\/div><\/div><div style=\"clear: both\"><\/div><div class=\"d-flex justify-content-center\"><button data-item=\"decouvrez_link\" data-group=\"website_links\" class=\"goto fw-bold rounded-pill btn btn-orange\" aria-label=\"T\u00e9l\u00e9charger MagneticSlots\" >T\u00e9l\u00e9charger MagneticSlots<\/button><\/div><div class=\"scrollable-content-wrap my-5\"><div class=\"scrollable-content-inner\"><h2>Application MagneticSlots pour ordinateur de bureau<\/h2>\n<p>L&rsquo;application MagneticSlots pour PC permet aux utilisateurs Windows et Mac d&rsquo;acc\u00e9der rapidement \u00e0 l&rsquo;ensemble de la plateforme de casino. L&rsquo;application PC ne n\u00e9cessite aucun t\u00e9l\u00e9chargement ni installation. Au lieu de t\u00e9l\u00e9charger un logiciel traditionnel, les joueurs peuvent simplement se rendre sur notre site web et cr\u00e9er un raccourci sur leur bureau. Ce raccourci fonctionne comme une application web autonome donnant acc\u00e8s \u00e0 tous les jeux, paiements, promotions et fonctionnalit\u00e9s du compte.<\/p>\n<p>Visitez notre site Web et cr\u00e9ez un raccourci dans les param\u00e8tres de votre navigateur pour y acc\u00e9der rapidement depuis votre bureau. Vous pouvez lancer Magnetic Slots depuis votre bureau comme n&rsquo;importe quel autre programme. Vous y trouverez le m\u00eame chargement rapide et le m\u00eame streaming de haute qualit\u00e9 pour tous les jeux.<\/p>\n<p><img loading=\"lazy\" decoding=\"async\" src=\"https:\/\/magnetic-slots.com\/wp-content\/uploads\/2025\/12\/MagneticSlots-Desktop.webp\" alt=\"MagneticSlots Desktop\" width=\"1248\" height=\"536\" \/><\/p>\n<\/div><\/div><div style=\"clear: both\"><\/div><div class=\"d-flex justify-content-center\"><button data-item=\"decouvrez_link\" data-group=\"website_links\" class=\"goto fw-bold rounded-pill btn btn-orange\" aria-label=\"T\u00e9l\u00e9chargez l&#039;application MagneticSlots\" >T\u00e9l\u00e9chargez l&#039;application MagneticSlots<\/button><\/div><div class=\"scrollable-content-wrap my-5\"><div class=\"scrollable-content-inner\"><h2>FAQ<\/h2>\n<h3>O\u00f9 puis-je t\u00e9l\u00e9charger l&rsquo;application Magneticslots en toute s\u00e9curit\u00e9 ?<\/h3>\n<p>Vous ne pouvez t\u00e9l\u00e9charger l&rsquo;application Magnetic Slots en toute s\u00e9curit\u00e9 qu&rsquo;\u00e0 partir du site officiel. Ce logiciel est tr\u00e8s l\u00e9ger. Notre site officiel fournit la version adapt\u00e9e \u00e0 votre appareil, avec une installation s\u00e9curis\u00e9e, sans recourir \u00e0 des sources tierces.<\/p>\n<h3>Dois-je activer des param\u00e8tres sp\u00e9ciaux pour installer l&rsquo;application ?<\/h3>\n<p>Aucun param\u00e8tre particulier n&rsquo;est requis. L&rsquo;application s&rsquo;installe directement depuis le site officiel en tant que PWA via un navigateur. Elle se t\u00e9l\u00e9charge automatiquement et appara\u00eet sur votre \u00e9cran d&rsquo;accueil. Aucun autre param\u00e8tre n&rsquo;est requis.<\/p>\n<h3>L&rsquo;application est-elle gratuite \u00e0 t\u00e9l\u00e9charger et \u00e0 utiliser ?<\/h3>\n<p>Oui, l&rsquo;application Magnetic Slots est enti\u00e8rement gratuite. Vous pouvez la t\u00e9l\u00e9charger gratuitement depuis le site officiel sur n&rsquo;importe quel appareil. Une fois t\u00e9l\u00e9charg\u00e9e, vous aurez imm\u00e9diatement acc\u00e8s \u00e0 toutes les fonctionnalit\u00e9s et \u00e0 tous les jeux, tels que les machines \u00e0 sous en ligne, les jeux de table, les jeux de casino en direct et bien plus encore.<\/p>\n<h3>Puis-je me connecter avec le m\u00eame compte que sur le site web ?<\/h3>\n<p>Oui, vous pouvez vous connecter au m\u00eame compte sur votre navigateur et dans l&rsquo;application. Vous pouvez vous connecter \u00e0 partir de diff\u00e9rents appareils. Une fois que vous avez saisi votre nom d&rsquo;utilisateur et votre mot de passe, toutes vos donn\u00e9es seront synchronis\u00e9es, et votre solde et votre progression seront enregistr\u00e9s.<\/p>\n<\/div><\/div><\/p>\n","protected":false},"excerpt":{"rendered":"<p>App MagneticSlots Magnetic Slots app offre toutes les fonctionnalit\u00e9s d&rsquo;un casino mobile sur n&rsquo;importe quel appareil. Notre logiciel offre des performances \u00e9lev\u00e9es et une interface adaptative optimis\u00e9e. Ici, les joueurs ont un acc\u00e8s instantan\u00e9 \u00e0 des milliers de jeux : machines \u00e0 sous, tables de casino en direct, titres crash et jeux de table classiques. [&hellip;]<\/p>\n","protected":false},"author":1,"featured_media":0,"parent":0,"menu_order":0,"comment_status":"closed","ping_status":"closed","template":"template-builder.php","meta":{"_acf_changed":false,"inline_featured_image":false,"footnotes":""},"class_list":["post-1433","page","type-page","status-publish","hentry"],"acf":[],"yoast_head":"<!-- This site is optimized with the Yoast SEO plugin v27.3 - https:\/\/yoast.com\/product\/yoast-seo-wordpress\/ -->\n<title>Magnetic Slots App Download | iOS, Android &amp; Desktop<\/title>\n<meta name=\"description\" content=\"Installez Magnetic Slots App sur iOS, Android, Windows et macOS pour profiter de plus de 6000 jeux de casino partout. Performances fluides, synchronisation du compte et assistance 24\/7 \u2013 tout dans MagneticSlots.\" \/>\n<meta name=\"robots\" content=\"index, follow, max-snippet:-1, max-image-preview:large, max-video-preview:-1\" \/>\n<link rel=\"canonical\" href=\"https:\/\/magnetic-slots.com\/fr\/app\/\" \/>\n<meta property=\"og:locale\" content=\"fr_FR\" \/>\n<meta property=\"og:type\" content=\"article\" \/>\n<meta property=\"og:title\" content=\"Magnetic Slots App Download | iOS, Android &amp; Desktop\" \/>\n<meta property=\"og:description\" content=\"Installez Magnetic Slots App sur iOS, Android, Windows et macOS pour profiter de plus de 6000 jeux de casino partout. Performances fluides, synchronisation du compte et assistance 24\/7 \u2013 tout dans MagneticSlots.\" \/>\n<meta property=\"og:url\" content=\"https:\/\/magnetic-slots.com\/fr\/app\/\" \/>\n<meta property=\"og:site_name\" content=\"magnetic-slots\" \/>\n<meta property=\"article:modified_time\" content=\"2025-12-24T13:32:39+00:00\" \/>\n<meta name=\"twitter:card\" content=\"summary_large_image\" \/>\n<meta name=\"twitter:label1\" content=\"Dur\u00e9e de lecture estim\u00e9e\" \/>\n\t<meta name=\"twitter:data1\" content=\"2 minutes\" \/>\n<script type=\"application\/ld+json\" class=\"yoast-schema-graph\">{\"@context\":\"https:\\\/\\\/schema.org\",\"@graph\":[{\"@type\":\"WebPage\",\"@id\":\"https:\\\/\\\/magnetic-slots.com\\\/fr\\\/app\\\/\",\"url\":\"https:\\\/\\\/magnetic-slots.com\\\/fr\\\/app\\\/\",\"name\":\"Magnetic Slots App Download | iOS, Android & Desktop\",\"isPartOf\":{\"@id\":\"https:\\\/\\\/magnetic-slots.com\\\/fr\\\/#website\"},\"datePublished\":\"2025-12-12T10:24:45+00:00\",\"dateModified\":\"2025-12-24T13:32:39+00:00\",\"description\":\"Installez Magnetic Slots App sur iOS, Android, Windows et macOS pour profiter de plus de 6000 jeux de casino partout. Performances fluides, synchronisation du compte et assistance 24\\\/7 \u2013 tout dans MagneticSlots.\",\"breadcrumb\":{\"@id\":\"https:\\\/\\\/magnetic-slots.com\\\/fr\\\/app\\\/#breadcrumb\"},\"inLanguage\":\"fr-FR\",\"potentialAction\":[{\"@type\":\"ReadAction\",\"target\":[\"https:\\\/\\\/magnetic-slots.com\\\/fr\\\/app\\\/\"]}]},{\"@type\":\"BreadcrumbList\",\"@id\":\"https:\\\/\\\/magnetic-slots.com\\\/fr\\\/app\\\/#breadcrumb\",\"itemListElement\":[{\"@type\":\"ListItem\",\"position\":1,\"name\":\"Magneticslots\",\"item\":\"https:\\\/\\\/magnetic-slots.com\\\/fr\\\/\"},{\"@type\":\"ListItem\",\"position\":2,\"name\":\"App\"}]},{\"@type\":\"WebSite\",\"@id\":\"https:\\\/\\\/magnetic-slots.com\\\/fr\\\/#website\",\"url\":\"https:\\\/\\\/magnetic-slots.com\\\/fr\\\/\",\"name\":\"Magneticslots\",\"description\":\"\",\"publisher\":{\"@id\":\"https:\\\/\\\/magnetic-slots.com\\\/fr\\\/#organization\"},\"potentialAction\":[{\"@type\":\"SearchAction\",\"target\":{\"@type\":\"EntryPoint\",\"urlTemplate\":\"https:\\\/\\\/magnetic-slots.com\\\/fr\\\/?s={search_term_string}\"},\"query-input\":{\"@type\":\"PropertyValueSpecification\",\"valueRequired\":true,\"valueName\":\"search_term_string\"}}],\"inLanguage\":\"fr-FR\"},{\"@type\":\"Organization\",\"@id\":\"https:\\\/\\\/magnetic-slots.com\\\/fr\\\/#organization\",\"name\":\"Magneticslots\",\"url\":\"https:\\\/\\\/magnetic-slots.com\\\/fr\\\/\",\"logo\":{\"@type\":\"ImageObject\",\"inLanguage\":\"fr-FR\",\"@id\":\"https:\\\/\\\/magnetic-slots.com\\\/fr\\\/#\\\/schema\\\/logo\\\/image\\\/\",\"url\":\"https:\\\/\\\/magnetic-slots.com\\\/wp-content\\\/uploads\\\/2025\\\/12\\\/logo.svg\",\"contentUrl\":\"https:\\\/\\\/magnetic-slots.com\\\/wp-content\\\/uploads\\\/2025\\\/12\\\/logo.svg\",\"width\":160,\"height\":27,\"caption\":\"Magneticslots\"},\"image\":{\"@id\":\"https:\\\/\\\/magnetic-slots.com\\\/fr\\\/#\\\/schema\\\/logo\\\/image\\\/\"}}]}<\/script>\n<!-- \/ Yoast SEO plugin. -->","yoast_head_json":{"title":"Magnetic Slots App Download | iOS, Android & Desktop","description":"Installez Magnetic Slots App sur iOS, Android, Windows et macOS pour profiter de plus de 6000 jeux de casino partout. Performances fluides, synchronisation du compte et assistance 24\/7 \u2013 tout dans MagneticSlots.","robots":{"index":"index","follow":"follow","max-snippet":"max-snippet:-1","max-image-preview":"max-image-preview:large","max-video-preview":"max-video-preview:-1"},"canonical":"https:\/\/magnetic-slots.com\/fr\/app\/","og_locale":"fr_FR","og_type":"article","og_title":"Magnetic Slots App Download | iOS, Android & Desktop","og_description":"Installez Magnetic Slots App sur iOS, Android, Windows et macOS pour profiter de plus de 6000 jeux de casino partout. Performances fluides, synchronisation du compte et assistance 24\/7 \u2013 tout dans MagneticSlots.","og_url":"https:\/\/magnetic-slots.com\/fr\/app\/","og_site_name":"magnetic-slots","article_modified_time":"2025-12-24T13:32:39+00:00","twitter_card":"summary_large_image","twitter_misc":{"Dur\u00e9e de lecture estim\u00e9e":"2 minutes"},"schema":{"@context":"https:\/\/schema.org","@graph":[{"@type":"WebPage","@id":"https:\/\/magnetic-slots.com\/fr\/app\/","url":"https:\/\/magnetic-slots.com\/fr\/app\/","name":"Magnetic Slots App Download | iOS, Android & Desktop","isPartOf":{"@id":"https:\/\/magnetic-slots.com\/fr\/#website"},"datePublished":"2025-12-12T10:24:45+00:00","dateModified":"2025-12-24T13:32:39+00:00","description":"Installez Magnetic Slots App sur iOS, Android, Windows et macOS pour profiter de plus de 6000 jeux de casino partout. Performances fluides, synchronisation du compte et assistance 24\/7 \u2013 tout dans MagneticSlots.","breadcrumb":{"@id":"https:\/\/magnetic-slots.com\/fr\/app\/#breadcrumb"},"inLanguage":"fr-FR","potentialAction":[{"@type":"ReadAction","target":["https:\/\/magnetic-slots.com\/fr\/app\/"]}]},{"@type":"BreadcrumbList","@id":"https:\/\/magnetic-slots.com\/fr\/app\/#breadcrumb","itemListElement":[{"@type":"ListItem","position":1,"name":"Magneticslots","item":"https:\/\/magnetic-slots.com\/fr\/"},{"@type":"ListItem","position":2,"name":"App"}]},{"@type":"WebSite","@id":"https:\/\/magnetic-slots.com\/fr\/#website","url":"https:\/\/magnetic-slots.com\/fr\/","name":"Magneticslots","description":"","publisher":{"@id":"https:\/\/magnetic-slots.com\/fr\/#organization"},"potentialAction":[{"@type":"SearchAction","target":{"@type":"EntryPoint","urlTemplate":"https:\/\/magnetic-slots.com\/fr\/?s={search_term_string}"},"query-input":{"@type":"PropertyValueSpecification","valueRequired":true,"valueName":"search_term_string"}}],"inLanguage":"fr-FR"},{"@type":"Organization","@id":"https:\/\/magnetic-slots.com\/fr\/#organization","name":"Magneticslots","url":"https:\/\/magnetic-slots.com\/fr\/","logo":{"@type":"ImageObject","inLanguage":"fr-FR","@id":"https:\/\/magnetic-slots.com\/fr\/#\/schema\/logo\/image\/","url":"https:\/\/magnetic-slots.com\/wp-content\/uploads\/2025\/12\/logo.svg","contentUrl":"https:\/\/magnetic-slots.com\/wp-content\/uploads\/2025\/12\/logo.svg","width":160,"height":27,"caption":"Magneticslots"},"image":{"@id":"https:\/\/magnetic-slots.com\/fr\/#\/schema\/logo\/image\/"}}]}},"_links":{"self":[{"href":"https:\/\/magnetic-slots.com\/fr\/wp-json\/wp\/v2\/pages\/1433","targetHints":{"allow":["GET"]}}],"collection":[{"href":"https:\/\/magnetic-slots.com\/fr\/wp-json\/wp\/v2\/pages"}],"about":[{"href":"https:\/\/magnetic-slots.com\/fr\/wp-json\/wp\/v2\/types\/page"}],"author":[{"embeddable":true,"href":"https:\/\/magnetic-slots.com\/fr\/wp-json\/wp\/v2\/users\/1"}],"replies":[{"embeddable":true,"href":"https:\/\/magnetic-slots.com\/fr\/wp-json\/wp\/v2\/comments?post=1433"}],"version-history":[{"count":3,"href":"https:\/\/magnetic-slots.com\/fr\/wp-json\/wp\/v2\/pages\/1433\/revisions"}],"predecessor-version":[{"id":1854,"href":"https:\/\/magnetic-slots.com\/fr\/wp-json\/wp\/v2\/pages\/1433\/revisions\/1854"}],"wp:attachment":[{"href":"https:\/\/magnetic-slots.com\/fr\/wp-json\/wp\/v2\/media?parent=1433"}],"curies":[{"name":"wp","href":"https:\/\/api.w.org\/{rel}","templated":true}]}}