{"id":1480,"date":"2025-12-12T10:46:26","date_gmt":"2025-12-12T10:46:26","guid":{"rendered":"https:\/\/magnetic-slots.com\/login-and-registration\/"},"modified":"2025-12-12T14:39:53","modified_gmt":"2025-12-12T14:39:53","slug":"inicio-de-sesion-y-registro","status":"publish","type":"page","link":"https:\/\/magnetic-slots.com\/es\/inicio-de-sesion-y-registro\/","title":{"rendered":"Inicio de sesi\u00f3n y Registro"},"content":{"rendered":"<h1>Inicio de sesi\u00f3n y registro en Magnetic Slots<\/h1>\n<p>El proceso de Magnetic Slots login es f\u00e1cil y accesible para todos los usuarios registrados espa\u00f1oles. Si a\u00fan no tienes una cuenta, reg\u00edstrate, es muy f\u00e1cil. Nuestro sistema utiliza protecci\u00f3n SSL avanzada, cifrado y herramientas de seguridad modernas. Despu\u00e9s de completar el proceso de inicio de sesi\u00f3n en Magnetic Slots, podr\u00e1 jugar, recibir bonificaciones, gestionar su cuenta y completar el proceso de verificaci\u00f3n.<\/p>\n<p><div class=\"banner-wrap\" aria-label=\"Banner\"><img src=\"https:\/\/magnetic-slots.com\/wp-content\/uploads\/2025\/12\/header-bg-1.webp\" class=\"w-100 d-none d-lg-block img-pc main-banner-img\" alt=\"MagneticSlots desktop banner\" fetchpriority=\"high\" decoding=\"async\"><img src=\"https:\/\/magnetic-slots.com\/wp-content\/uploads\/2025\/12\/MagneticSlots-mobile-banner.webp\" class=\"w-100 d-none d-md-block d-lg-none main-banner-img\" alt=\"MagneticSlots mobile banner\" fetchpriority=\"high\" decoding=\"async\"><img src=\"https:\/\/magnetic-slots.com\/wp-content\/uploads\/2025\/12\/MagneticSlots-mobile-banner.webp\" class=\"w-100 d-md-none\" alt=\"MagneticSlots mobile banner\" fetchpriority=\"high\" decoding=\"async\"><div class=\"banner-description\">\n<div class=\"banner-title\">Bonos de bienvenida<\/div>\n<p class=\"banner-header-title\">\u20ac1500<\/p>\n<div class=\"banner-header-AdditionalText\">+ 250 giros gratis<\/div>\n<p>&nbsp;<\/p>\n<div class=\"m-button-content\"><button data-item=\"homepage_banner_link\" class=\"goto m-button m-gradient-border m-button--primary m-button--large banner-button btn-orange\">\n            <div class=\"m-button-content\">\n                <span>Reg\u00edstrate gratis ahora<\/span>\n                <span><\/span>\n            <\/div>\n        <\/button><\/div>\n<p>&nbsp;<\/p>\n<\/div>\n<div class=\"WelcomePack\">\n<p><img loading=\"lazy\" decoding=\"async\" class=\"alignnone size-full wp-image-1340\" src=\"https:\/\/magnetic-slots.com\/wp-content\/uploads\/2025\/12\/welcome-crown.svg\" alt=\"crown\" width=\"25\" height=\"26\" \/><\/p>\n<div class=\"WelcomePack-Info\">\n<p>Cashback semanal de hasta el 25%<\/p>\n<\/div>\n<p><img loading=\"lazy\" decoding=\"async\" class=\"alignnone size-full wp-image-1340\" src=\"https:\/\/magnetic-slots.com\/wp-content\/uploads\/2025\/12\/welcome-crown.svg\" alt=\"crown\" width=\"25\" height=\"26\" \/><\/p>\n<\/div>\n<\/div><div class=\"scrollable-content-wrap my-5\"><div class=\"scrollable-content-inner\"><h2>Proceso de registro en Magnetic Slots<\/h2>\n<p>Al registrarse en nuestro casino, los jugadores tienen acceso a m\u00e1s de 6.000 juegos, promociones, torneos, herramientas de juego responsable y todos los ajustes de la cuenta. Registrarse en Magnetic Slots es muy f\u00e1cil y le da acceso a todo lo que nuestro casino tiene para ofrecer. El registro tambi\u00e9n activa la protecci\u00f3n de seguridad completa con cifrado y otras medidas de seguridad.<\/p>\n<h3>Crear cuenta<\/h3>\n<p>Empezar te llevar\u00e1 menos de un minuto. A continuaci\u00f3n te explicamos c\u00f3mo registrar tu cuenta en Magnetic Slots:<\/p>\n<ol>\n<li>Haga clic en \u00abRegistrarse\u00bb en la esquina superior de la p\u00e1gina web de Magnetic Slots.<\/li>\n<li>Introduce tus datos: correo electr\u00f3nico y contrase\u00f1a.<\/li>\n<li>A\u00f1ade un c\u00f3digo promocional si lo tienes.<\/li>\n<li>Marque la casilla correspondiente a los T\u00e9rminos de uso, la Pol\u00edtica de privacidad y que es mayor de 18 a\u00f1os.<\/li>\n<li>Haga clic en \u00abGuardar\u00bb para confirmar.<\/li>\n<li>Sigue el enlace de activaci\u00f3n que aparece en tu correo electr\u00f3nico para verificar tu cuenta.<\/li>\n<\/ol>\n<p>Ahora que tu cuenta est\u00e1 activa, puedes depositar, ganar, retirar dinero y participar en juegos de casino en vivo.<\/p>\n<h2>Pasos para iniciar sesi\u00f3n en Magnetic Slots<\/h2>\n<p>Una vez que hayas iniciado sesi\u00f3n, podr\u00e1s gestionar tu saldo, recibir bonificaciones, participar en torneos, ajustar la configuraci\u00f3n y jugar a m\u00e1s de 6.000 juegos. El procedimiento de inicio de sesi\u00f3n en Magnetic Slots est\u00e1 protegido por protocolos de seguridad, al igual que todos los procesos de nuestro casino.<\/p>\n<h3>C\u00f3mo iniciar sesi\u00f3n<\/h3>\n<ol>\n<li>Haga clic en el bot\u00f3n \u00abIniciar sesi\u00f3n\u00bb en la p\u00e1gina de inicio de Magnetic Slots.<\/li>\n<li>Introduzca su direcci\u00f3n de correo electr\u00f3nico y contrase\u00f1a.<\/li>\n<li>Vuelve a hacer clic en \u00abIniciar sesi\u00f3n\u00bb para acceder a tu cuenta.<\/li>\n<\/ol>\n<p>Ahora has iniciado sesi\u00f3n y tienes acceso completo a tu cuenta.<\/p>\n<h3>Verificaci\u00f3n de MagneticSlots Casino<\/h3>\n<p>El proceso de verificaci\u00f3n KYC es obligatorio para todos los jugadores. Solo despu\u00e9s de la verificaci\u00f3n los jugadores pueden retirar fondos y utilizar bonificaciones. La verificaci\u00f3n tambi\u00e9n ayuda a garantizar un entorno seguro en nuestra comunidad de juego. Para completar la verificaci\u00f3n de Magnetic Slots, debe proporcionar documentos personales: documento de identidad o pasaporte, prueba de domicilio, datos bancarios o permiso de conducir. La verificaci\u00f3n ayuda a mantener el juego limpio y el cumplimiento de la normativa. As\u00ed es como garantizamos que su interacci\u00f3n con el casino sea segura y protegida.<\/p>\n<h3>MagneticSlots acceso a la cuenta<\/h3>\n<p>Despu\u00e9s de iniciar sesi\u00f3n en tu perfil de MagneticSlots, tendr\u00e1s acceso completo al panel de control. La configuraci\u00f3n de tu cuenta te permite actualizar tu informaci\u00f3n personal, cambiar tu contrase\u00f1a y gestionar herramientas de juego responsable. Tambi\u00e9n puedes gestionar tus datos de pago, consultar tu historial de transacciones y realizar un seguimiento de los bonos y las promociones activas. Aqu\u00ed puedes ver tu historial de juego, participar en torneos y actualizar las notificaciones. Todas las acciones est\u00e1n protegidas por un cifrado avanzado para mantener tus datos y fondos seguros.<\/p>\n<p>Si tiene alguna dificultad para acceder a su cuenta o tiene alguna pregunta, p\u00f3ngase en contacto con nuestro equipo de asistencia a trav\u00e9s del chat en vivo o por correo electr\u00f3nico.<\/p>\n<h2>Preguntas frecuentes<\/h2>\n<h3>\u00bfQu\u00e9 debo hacer si olvido mi contrase\u00f1a?<\/h3>\n<p>Si olvida su contrase\u00f1a, puede restaurar el acceso con solo unos clics. Haga clic en \u00abIniciar sesi\u00f3n\u00bb, seleccione \u00ab\u00bfOlvid\u00f3 su contrase\u00f1a?\u00bb e introduzca su correo electr\u00f3nico. Siga el enlace de restablecimiento, cree una nueva contrase\u00f1a e inicie sesi\u00f3n de nuevo. Si tiene m\u00e1s problemas, p\u00f3ngase en contacto con nuestro equipo de asistencia.<\/p>\n<h3>No puedo iniciar sesi\u00f3n incluso despu\u00e9s de restablecer mi contrase\u00f1a. \u00bfPor qu\u00e9?<\/h3>\n<p>Si sigue sin poder iniciar sesi\u00f3n despu\u00e9s de restablecer su contrase\u00f1a, compruebe su correo electr\u00f3nico y contrase\u00f1a. Si no hay errores, actualice la p\u00e1gina o vuelva a conectarse a su red. Si el problema persiste, p\u00f3ngase en contacto con nuestro servicio de asistencia multiling\u00fce, que le ayudar\u00e1 a restablecer el acceso.<\/p>\n<h3>\u00bfPor qu\u00e9 tengo que verificar mi cuenta despu\u00e9s de registrarme?<\/h3>\n<p>La verificaci\u00f3n mantiene seguro tu perfil MagneticSlots. Adem\u00e1s, ayuda a realizar pagos seguros. Cuando confirmas tu identidad, obtienes acceso a retiros r\u00e1pidos y bonificaciones. Esta sencilla verificaci\u00f3n ayuda a protegerte tanto a ti como a la plataforma de actividades no autorizadas.<\/p>\n<\/div><\/div><\/p>\n","protected":false},"excerpt":{"rendered":"<p>Inicio de sesi\u00f3n y registro en Magnetic Slots El proceso de Magnetic Slots login es f\u00e1cil y accesible para todos los usuarios registrados espa\u00f1oles. Si a\u00fan no tienes una cuenta, reg\u00edstrate, es muy f\u00e1cil. Nuestro sistema utiliza protecci\u00f3n SSL avanzada, cifrado y herramientas de seguridad modernas. Despu\u00e9s de completar el proceso de inicio de sesi\u00f3n [&hellip;]<\/p>\n","protected":false},"author":1,"featured_media":0,"parent":0,"menu_order":0,"comment_status":"closed","ping_status":"closed","template":"template-builder.php","meta":{"_acf_changed":false,"inline_featured_image":false,"footnotes":""},"class_list":["post-1480","page","type-page","status-publish","hentry"],"acf":[],"yoast_head":"<!-- This site is optimized with the Yoast SEO plugin v27.3 - https:\/\/yoast.com\/product\/yoast-seo-wordpress\/ -->\n<title>Magnetic Slots Login \u2013 Acceso Seguro al Registro y Inicio de Sesi\u00f3n<\/title>\n<meta name=\"description\" content=\"Magnetic Slots Login \u2013 accede de forma segura a tu cuenta o crea una nueva en minutos. Gestiona verificaci\u00f3n, recuperaci\u00f3n de contrase\u00f1a y ajustes de cuenta f\u00e1cilmente en MagneticSlots.\" \/>\n<meta name=\"robots\" content=\"index, follow, max-snippet:-1, max-image-preview:large, max-video-preview:-1\" \/>\n<link rel=\"canonical\" href=\"https:\/\/magnetic-slots.com\/es\/inicio-de-sesion-y-registro\/\" \/>\n<meta property=\"og:locale\" content=\"es_ES\" \/>\n<meta property=\"og:type\" content=\"article\" \/>\n<meta property=\"og:title\" content=\"Magnetic Slots Login \u2013 Acceso Seguro al Registro y Inicio de Sesi\u00f3n\" \/>\n<meta property=\"og:description\" content=\"Magnetic Slots Login \u2013 accede de forma segura a tu cuenta o crea una nueva en minutos. Gestiona verificaci\u00f3n, recuperaci\u00f3n de contrase\u00f1a y ajustes de cuenta f\u00e1cilmente en MagneticSlots.\" \/>\n<meta property=\"og:url\" content=\"https:\/\/magnetic-slots.com\/es\/inicio-de-sesion-y-registro\/\" \/>\n<meta property=\"og:site_name\" content=\"magnetic-slots\" \/>\n<meta property=\"article:modified_time\" content=\"2025-12-12T14:39:53+00:00\" \/>\n<meta name=\"twitter:card\" content=\"summary_large_image\" \/>\n<meta name=\"twitter:label1\" content=\"Est. reading time\" \/>\n\t<meta name=\"twitter:data1\" content=\"1 minute\" \/>\n<script type=\"application\/ld+json\" class=\"yoast-schema-graph\">{\"@context\":\"https:\\\/\\\/schema.org\",\"@graph\":[{\"@type\":\"WebPage\",\"@id\":\"https:\\\/\\\/magnetic-slots.com\\\/es\\\/inicio-de-sesion-y-registro\\\/\",\"url\":\"https:\\\/\\\/magnetic-slots.com\\\/es\\\/inicio-de-sesion-y-registro\\\/\",\"name\":\"Magnetic Slots Login \u2013 Acceso Seguro al Registro y Inicio de Sesi\u00f3n\",\"isPartOf\":{\"@id\":\"https:\\\/\\\/magnetic-slots.com\\\/es\\\/#website\"},\"datePublished\":\"2025-12-12T10:46:26+00:00\",\"dateModified\":\"2025-12-12T14:39:53+00:00\",\"description\":\"Magnetic Slots Login \u2013 accede de forma segura a tu cuenta o crea una nueva en minutos. Gestiona verificaci\u00f3n, recuperaci\u00f3n de contrase\u00f1a y ajustes de cuenta f\u00e1cilmente en MagneticSlots.\",\"breadcrumb\":{\"@id\":\"https:\\\/\\\/magnetic-slots.com\\\/es\\\/inicio-de-sesion-y-registro\\\/#breadcrumb\"},\"inLanguage\":\"es-ES\",\"potentialAction\":[{\"@type\":\"ReadAction\",\"target\":[\"https:\\\/\\\/magnetic-slots.com\\\/es\\\/inicio-de-sesion-y-registro\\\/\"]}]},{\"@type\":\"BreadcrumbList\",\"@id\":\"https:\\\/\\\/magnetic-slots.com\\\/es\\\/inicio-de-sesion-y-registro\\\/#breadcrumb\",\"itemListElement\":[{\"@type\":\"ListItem\",\"position\":1,\"name\":\"Magneticslots\",\"item\":\"https:\\\/\\\/magnetic-slots.com\\\/es\\\/\"},{\"@type\":\"ListItem\",\"position\":2,\"name\":\"Inicio de sesi\u00f3n y Registro\"}]},{\"@type\":\"WebSite\",\"@id\":\"https:\\\/\\\/magnetic-slots.com\\\/es\\\/#website\",\"url\":\"https:\\\/\\\/magnetic-slots.com\\\/es\\\/\",\"name\":\"Magneticslots\",\"description\":\"\",\"publisher\":{\"@id\":\"https:\\\/\\\/magnetic-slots.com\\\/es\\\/#organization\"},\"potentialAction\":[{\"@type\":\"SearchAction\",\"target\":{\"@type\":\"EntryPoint\",\"urlTemplate\":\"https:\\\/\\\/magnetic-slots.com\\\/es\\\/?s={search_term_string}\"},\"query-input\":{\"@type\":\"PropertyValueSpecification\",\"valueRequired\":true,\"valueName\":\"search_term_string\"}}],\"inLanguage\":\"es-ES\"},{\"@type\":\"Organization\",\"@id\":\"https:\\\/\\\/magnetic-slots.com\\\/es\\\/#organization\",\"name\":\"Magneticslots\",\"url\":\"https:\\\/\\\/magnetic-slots.com\\\/es\\\/\",\"logo\":{\"@type\":\"ImageObject\",\"inLanguage\":\"es-ES\",\"@id\":\"https:\\\/\\\/magnetic-slots.com\\\/es\\\/#\\\/schema\\\/logo\\\/image\\\/\",\"url\":\"https:\\\/\\\/magnetic-slots.com\\\/wp-content\\\/uploads\\\/2025\\\/12\\\/logo.svg\",\"contentUrl\":\"https:\\\/\\\/magnetic-slots.com\\\/wp-content\\\/uploads\\\/2025\\\/12\\\/logo.svg\",\"width\":160,\"height\":27,\"caption\":\"Magneticslots\"},\"image\":{\"@id\":\"https:\\\/\\\/magnetic-slots.com\\\/es\\\/#\\\/schema\\\/logo\\\/image\\\/\"}}]}<\/script>\n<!-- \/ Yoast SEO plugin. -->","yoast_head_json":{"title":"Magnetic Slots Login \u2013 Acceso Seguro al Registro y Inicio de Sesi\u00f3n","description":"Magnetic Slots Login \u2013 accede de forma segura a tu cuenta o crea una nueva en minutos. Gestiona verificaci\u00f3n, recuperaci\u00f3n de contrase\u00f1a y ajustes de cuenta f\u00e1cilmente en MagneticSlots.","robots":{"index":"index","follow":"follow","max-snippet":"max-snippet:-1","max-image-preview":"max-image-preview:large","max-video-preview":"max-video-preview:-1"},"canonical":"https:\/\/magnetic-slots.com\/es\/inicio-de-sesion-y-registro\/","og_locale":"es_ES","og_type":"article","og_title":"Magnetic Slots Login \u2013 Acceso Seguro al Registro y Inicio de Sesi\u00f3n","og_description":"Magnetic Slots Login \u2013 accede de forma segura a tu cuenta o crea una nueva en minutos. Gestiona verificaci\u00f3n, recuperaci\u00f3n de contrase\u00f1a y ajustes de cuenta f\u00e1cilmente en MagneticSlots.","og_url":"https:\/\/magnetic-slots.com\/es\/inicio-de-sesion-y-registro\/","og_site_name":"magnetic-slots","article_modified_time":"2025-12-12T14:39:53+00:00","twitter_card":"summary_large_image","twitter_misc":{"Est. reading time":"1 minute"},"schema":{"@context":"https:\/\/schema.org","@graph":[{"@type":"WebPage","@id":"https:\/\/magnetic-slots.com\/es\/inicio-de-sesion-y-registro\/","url":"https:\/\/magnetic-slots.com\/es\/inicio-de-sesion-y-registro\/","name":"Magnetic Slots Login \u2013 Acceso Seguro al Registro y Inicio de Sesi\u00f3n","isPartOf":{"@id":"https:\/\/magnetic-slots.com\/es\/#website"},"datePublished":"2025-12-12T10:46:26+00:00","dateModified":"2025-12-12T14:39:53+00:00","description":"Magnetic Slots Login \u2013 accede de forma segura a tu cuenta o crea una nueva en minutos. Gestiona verificaci\u00f3n, recuperaci\u00f3n de contrase\u00f1a y ajustes de cuenta f\u00e1cilmente en MagneticSlots.","breadcrumb":{"@id":"https:\/\/magnetic-slots.com\/es\/inicio-de-sesion-y-registro\/#breadcrumb"},"inLanguage":"es-ES","potentialAction":[{"@type":"ReadAction","target":["https:\/\/magnetic-slots.com\/es\/inicio-de-sesion-y-registro\/"]}]},{"@type":"BreadcrumbList","@id":"https:\/\/magnetic-slots.com\/es\/inicio-de-sesion-y-registro\/#breadcrumb","itemListElement":[{"@type":"ListItem","position":1,"name":"Magneticslots","item":"https:\/\/magnetic-slots.com\/es\/"},{"@type":"ListItem","position":2,"name":"Inicio de sesi\u00f3n y Registro"}]},{"@type":"WebSite","@id":"https:\/\/magnetic-slots.com\/es\/#website","url":"https:\/\/magnetic-slots.com\/es\/","name":"Magneticslots","description":"","publisher":{"@id":"https:\/\/magnetic-slots.com\/es\/#organization"},"potentialAction":[{"@type":"SearchAction","target":{"@type":"EntryPoint","urlTemplate":"https:\/\/magnetic-slots.com\/es\/?s={search_term_string}"},"query-input":{"@type":"PropertyValueSpecification","valueRequired":true,"valueName":"search_term_string"}}],"inLanguage":"es-ES"},{"@type":"Organization","@id":"https:\/\/magnetic-slots.com\/es\/#organization","name":"Magneticslots","url":"https:\/\/magnetic-slots.com\/es\/","logo":{"@type":"ImageObject","inLanguage":"es-ES","@id":"https:\/\/magnetic-slots.com\/es\/#\/schema\/logo\/image\/","url":"https:\/\/magnetic-slots.com\/wp-content\/uploads\/2025\/12\/logo.svg","contentUrl":"https:\/\/magnetic-slots.com\/wp-content\/uploads\/2025\/12\/logo.svg","width":160,"height":27,"caption":"Magneticslots"},"image":{"@id":"https:\/\/magnetic-slots.com\/es\/#\/schema\/logo\/image\/"}}]}},"_links":{"self":[{"href":"https:\/\/magnetic-slots.com\/es\/wp-json\/wp\/v2\/pages\/1480","targetHints":{"allow":["GET"]}}],"collection":[{"href":"https:\/\/magnetic-slots.com\/es\/wp-json\/wp\/v2\/pages"}],"about":[{"href":"https:\/\/magnetic-slots.com\/es\/wp-json\/wp\/v2\/types\/page"}],"author":[{"embeddable":true,"href":"https:\/\/magnetic-slots.com\/es\/wp-json\/wp\/v2\/users\/1"}],"replies":[{"embeddable":true,"href":"https:\/\/magnetic-slots.com\/es\/wp-json\/wp\/v2\/comments?post=1480"}],"version-history":[{"count":1,"href":"https:\/\/magnetic-slots.com\/es\/wp-json\/wp\/v2\/pages\/1480\/revisions"}],"predecessor-version":[{"id":1842,"href":"https:\/\/magnetic-slots.com\/es\/wp-json\/wp\/v2\/pages\/1480\/revisions\/1842"}],"wp:attachment":[{"href":"https:\/\/magnetic-slots.com\/es\/wp-json\/wp\/v2\/media?parent=1480"}],"curies":[{"name":"wp","href":"https:\/\/api.w.org\/{rel}","templated":true}]}}