{"id":1442,"date":"2025-12-12T10:24:45","date_gmt":"2025-12-12T10:24:45","guid":{"rendered":"https:\/\/magnetic-slots.com\/app-2\/"},"modified":"2025-12-12T14:38:41","modified_gmt":"2025-12-12T14:38:41","slug":"aplicacion","status":"publish","type":"page","link":"https:\/\/magnetic-slots.com\/es\/aplicacion\/","title":{"rendered":"Aplicaci\u00f3n"},"content":{"rendered":"<h1>App MagneticSlots<\/h1>\n<p>La Magnetic Slots app ofrece todas las funciones de un casino m\u00f3vil en cualquier dispositivo. Nuestro software ofrece un alto rendimiento y una interfaz adaptativa optimizada. Aqu\u00ed, los jugadores espa\u00f1oles tienen acceso instant\u00e1neo a miles de juegos: tragamonedas, mesas de casino en vivo, t\u00edtulos crash y juegos de mesa cl\u00e1sicos. Todos los juegos tienen un dise\u00f1o y una interfaz optimizados para cualquier dispositivo m\u00f3vil. Los pagos, bonificaciones, ajustes de cuenta, el proceso de verificaci\u00f3n y la asistencia est\u00e1n disponibles aqu\u00ed. Todas las funciones de la plataforma de escritorio est\u00e1n totalmente integradas. Admitimos altas velocidades de descarga y streaming de alta calidad.<\/p>\n<div class=\"banner-wrap\" aria-label=\"Banner\"><img src=\"https:\/\/magnetic-slots.com\/wp-content\/uploads\/2025\/12\/header-bg-1.webp\" class=\"w-100 d-none d-lg-block img-pc main-banner-img\" alt=\"MagneticSlots desktop banner\" fetchpriority=\"high\" decoding=\"async\"><img src=\"https:\/\/magnetic-slots.com\/wp-content\/uploads\/2025\/12\/MagneticSlots-mobile-banner.webp\" class=\"w-100 d-none d-md-block d-lg-none main-banner-img\" alt=\"MagneticSlots mobile banner\" fetchpriority=\"high\" decoding=\"async\"><img src=\"https:\/\/magnetic-slots.com\/wp-content\/uploads\/2025\/12\/MagneticSlots-mobile-banner.webp\" class=\"w-100 d-md-none\" alt=\"MagneticSlots mobile banner\" fetchpriority=\"high\" decoding=\"async\"><div class=\"banner-description\">\n<div class=\"banner-title\">Bonos de bienvenida<\/div>\n<p class=\"banner-header-title\">\u20ac1500<\/p>\n<div class=\"banner-header-AdditionalText\">+ 250 giros gratis<\/div>\n<p>&nbsp;<\/p>\n<div class=\"m-button-content\"><button data-item=\"homepage_banner_link\" class=\"goto m-button m-gradient-border m-button--primary m-button--large banner-button btn-orange\">\n            <div class=\"m-button-content\">\n                <span>Reg\u00edstrate gratis ahora<\/span>\n                <span><\/span>\n            <\/div>\n        <\/button><\/div>\n<p>&nbsp;<\/p>\n<\/div>\n<div class=\"WelcomePack\">\n<p><img loading=\"lazy\" decoding=\"async\" class=\"alignnone size-full wp-image-1340\" src=\"https:\/\/magnetic-slots.com\/wp-content\/uploads\/2025\/12\/welcome-crown.svg\" alt=\"crown\" width=\"25\" height=\"26\" \/><\/p>\n<div class=\"WelcomePack-Info\">\n<p>Cashback semanal de hasta el 25%<\/p>\n<\/div>\n<p><img loading=\"lazy\" decoding=\"async\" class=\"alignnone size-full wp-image-1340\" src=\"https:\/\/magnetic-slots.com\/wp-content\/uploads\/2025\/12\/welcome-crown.svg\" alt=\"crown\" width=\"25\" height=\"26\" \/><\/p>\n<\/div>\n<\/div>\n<h2>Aplicaci\u00f3n Magnetic Slots<\/h2>\n<p>La aplicaci\u00f3n Magnetic Slots ofrece una experiencia de juego optimizada para una mayor flexibilidad. El software reproduce todas las funciones de las versiones de escritorio y del sitio web. Sin embargo, la aplicaci\u00f3n ofrece una navegaci\u00f3n simplificada y un acceso instant\u00e1neo. Nuestro software es port\u00e1til y constituye una s\u00f3lida alternativa a la versi\u00f3n para ordenador. Ofrece las mismas funciones con mayor movilidad.<\/p>\n<table>\n<tbody>\n<tr>\n<td>Caracter\u00edstica<\/td>\n<td>Aplicaci\u00f3n m\u00f3vil<\/td>\n<td>Versi\u00f3n para PC<\/td>\n<\/tr>\n<tr>\n<td>Portabilidad<\/td>\n<td>Acceso completo desde cualquier lugar con el m\u00f3vil<\/td>\n<td>Fijo, requiere configuraci\u00f3n de PC<\/td>\n<\/tr>\n<tr>\n<td>Interfaz<\/td>\n<td>Men\u00fas adaptables y optimizados para el tacto<\/td>\n<td>Pantalla m\u00e1s grande con dise\u00f1o ampliado<\/td>\n<\/tr>\n<tr>\n<td>Rendimiento<\/td>\n<td>Carga r\u00e1pida, funcionamiento ligero<\/td>\n<td>Alto rendimiento con hardware estable<\/td>\n<\/tr>\n<tr>\n<td>Experiencia de juego<\/td>\n<td>Jugabilidad fluida, transmisiones en directo en alta definici\u00f3n.<\/td>\n<td>Campo visual m\u00e1s amplio y gr\u00e1ficos m\u00e1s grandes<\/td>\n<\/tr>\n<tr>\n<td>Pagos y asistencia<\/td>\n<td>Dep\u00f3sitos, retiradas y chat en vivo con un solo toque.<\/td>\n<td>Panel de control completo con herramientas ampliadas<\/td>\n<\/tr>\n<tr>\n<td>Notificaciones<\/td>\n<td>Notificaciones push sobre bonificaciones y torneos<\/td>\n<td>Sin notificaciones push<\/td>\n<\/tr>\n<\/tbody>\n<\/table>\n<p><div class=\"scrollable-content-wrap my-5\"><div class=\"scrollable-content-inner\"><h2>Aplicaci\u00f3n Magnetic Slots \u2013 Android<\/h2>\n<p>Nuestra aplicaci\u00f3n est\u00e1 disponible para todos los dispositivos Android. La aplicaci\u00f3n Magnetic Slots para Android est\u00e1 disponible como una aplicaci\u00f3n web progresiva (PWA). Nuestra PWA tiene todas las caracter\u00edsticas de la versi\u00f3n de escritorio y se puede descargar directamente desde tu navegador. Todos los juegos, pagos, configuraci\u00f3n de la cuenta, asistencia y promociones est\u00e1n disponibles en la PWA para Android. La PWA es compatible con cualquier dispositivo Android.<\/p>\n<h3>MagneticSlots APK<\/h3>\n<p>No es necesario buscar el archivo APK de Magnetic Slots en las tiendas de aplicaciones. El software Magnetic Slots funciona sin un archivo APK. Nuestra PWA est\u00e1 disponible para su descarga directamente en su navegador. Descargue la aplicaci\u00f3n haciendo clic en el bot\u00f3n \u00abAplicaci\u00f3n de casino\u00bb y se instalar\u00e1 autom\u00e1ticamente. A continuaci\u00f3n le indicamos c\u00f3mo hacerlo:<\/p>\n<ol>\n<li>En la parte inferior de la p\u00e1gina principal, ver\u00e1s un bot\u00f3n para descargar el software.<\/li>\n<li>Haga clic en \u00abAplicaci\u00f3n del casino\u00bb.<\/li>\n<li>La aplicaci\u00f3n aparecer\u00e1 en tu pantalla de inicio.<\/li>\n<\/ol>\n<p>Si tienes alg\u00fan problema con la descarga, puedes ponerte en contacto con nuestro equipo de asistencia a trav\u00e9s del chat en vivo o por correo electr\u00f3nico.<\/p>\n<p><img loading=\"lazy\" decoding=\"async\" src=\"https:\/\/magnetic-slots.com\/wp-content\/uploads\/2025\/12\/MagneticSlots-Android.webp\" alt=\"MagneticSlots Android\" width=\"1248\" height=\"536\" \/><\/p>\n<\/div><\/div><div style=\"clear: both\"><\/div><div class=\"d-flex justify-content-center\"><button data-item=\"decouvrez_link\" data-group=\"website_links\" class=\"goto fw-bold rounded-pill btn btn-orange\" aria-label=\"Descarga la aplicaci\u00f3n MagneticSlots\" >Descarga la aplicaci\u00f3n MagneticSlots<\/button><\/div><div class=\"scrollable-content-wrap my-5\"><div class=\"scrollable-content-inner\"><h2>Aplicaci\u00f3n Magnetic Slots Casino para iOS<\/h2>\n<p>La aplicaci\u00f3n Magnetic Slots Casino para iOS ofrece una experiencia de juego r\u00e1pida en todos los dispositivos Apple. El software proporciona un acceso r\u00e1pido a Magnetic Slots Casino con todos nuestros juegos. El software funciona directamente a trav\u00e9s del navegador Safari. Si instalas la aplicaci\u00f3n en la pantalla de inicio de tu dispositivo iOS, recibir\u00e1s notificaciones push sobre todas las nuevas promociones y actualizaciones. Para descargar el software Magnetic Slots en iOS, no es necesario buscar nada en la App Store. C\u00f3mo instalar la aplicaci\u00f3n Magnetic Slots a trav\u00e9s del navegador Safari:<\/p>\n<ol>\n<li>Haga clic en \u00abCompartir\u00bb en la parte inferior de nuestra p\u00e1gina de inicio.<\/li>\n<li>Selecciona \u00abA\u00f1adir a la pantalla de inicio\u00bb.<\/li>\n<li>La aplicaci\u00f3n aparecer\u00e1 autom\u00e1ticamente en tu pantalla de inicio.<\/li>\n<\/ol>\n<p><img loading=\"lazy\" decoding=\"async\" src=\"https:\/\/magnetic-slots.com\/wp-content\/uploads\/2025\/12\/MagneticSlots-iOS.webp\" alt=\"MagneticSlots iOS\" width=\"1248\" height=\"536\" \/><\/p>\n<\/div><\/div><div style=\"clear: both\"><\/div><div class=\"d-flex justify-content-center\"><button data-item=\"decouvrez_link\" data-group=\"website_links\" class=\"goto fw-bold rounded-pill btn btn-orange\" aria-label=\"Descargar MagneticSlots\" >Descargar MagneticSlots<\/button><\/div><div class=\"scrollable-content-wrap my-5\"><div class=\"scrollable-content-inner\"><h2>Aplicaci\u00f3n MagneticSlots para ordenador<\/h2>\n<p>La aplicaci\u00f3n MagneticSlots para PC ofrece a los usuarios de Windows y Mac un acceso r\u00e1pido a toda la plataforma del casino. La aplicaci\u00f3n para PC no requiere descarga ni instalaci\u00f3n. En lugar de descargar el software tradicional, los jugadores solo tienen que visitar nuestro sitio web y crear un acceso directo en su escritorio. Este acceso directo funciona como una aplicaci\u00f3n web independiente con acceso a todos los juegos, pagos, promociones y funciones de la cuenta.<\/p>\n<p>Visita nuestro sitio web y crea un acceso directo en la configuraci\u00f3n de tu navegador para acceder r\u00e1pidamente desde tu escritorio. Puedes iniciar Magnetic Slots desde tu escritorio como un programa normal. Aqu\u00ed encontrar\u00e1s la misma carga r\u00e1pida y la misma transmisi\u00f3n de alta calidad de todos los juegos.<\/p>\n<p><img loading=\"lazy\" decoding=\"async\" src=\"https:\/\/magnetic-slots.com\/wp-content\/uploads\/2025\/12\/MagneticSlots-Desktop.webp\" alt=\"MagneticSlots Desktop\" width=\"1248\" height=\"536\" \/><\/p>\n<\/div><\/div><div style=\"clear: both\"><\/div><div class=\"d-flex justify-content-center\"><button data-item=\"decouvrez_link\" data-group=\"website_links\" class=\"goto fw-bold rounded-pill btn btn-orange\" aria-label=\"Descarga la aplicaci\u00f3n MagneticSlots\" >Descarga la aplicaci\u00f3n MagneticSlots<\/button><\/div><div class=\"scrollable-content-wrap my-5\"><div class=\"scrollable-content-inner\"><h2>Preguntas frecuentes<\/h2>\n<h3>\u00bfD\u00f3nde puedo descargar la aplicaci\u00f3n Magneticslots de forma segura?<\/h3>\n<p>Solo puede descargar de forma segura la aplicaci\u00f3n Magnetic Slots desde el sitio web oficial. Este software es muy ligero. Nuestro sitio web oficial proporciona la versi\u00f3n correcta para su dispositivo con una instalaci\u00f3n segura sin utilizar fuentes de terceros.<\/p>\n<h3>\u00bfNecesito habilitar ajustes especiales para instalar la aplicaci\u00f3n?<\/h3>\n<p>No se requiere ninguna configuraci\u00f3n especial. La aplicaci\u00f3n se instala directamente desde el sitio web oficial como una PWA a trav\u00e9s de un navegador. Se descargar\u00e1 autom\u00e1ticamente y aparecer\u00e1 en tu pantalla de inicio. No se requiere ninguna configuraci\u00f3n adicional.<\/p>\n<h3>\u00bfLa aplicaci\u00f3n se puede descargar y utilizar de forma gratuita?<\/h3>\n<p>S\u00ed, la aplicaci\u00f3n Magnetic Slots es totalmente gratuita. Puedes descargarla gratis desde la p\u00e1gina web oficial en cualquier dispositivo. Una vez descargada, tendr\u00e1s acceso inmediato a todas las funciones y juegos, como tragamonedas online, juegos de mesa, juegos de casino en vivo y mucho m\u00e1s.<\/p>\n<h3>\u00bfPuedo iniciar sesi\u00f3n con la misma cuenta que utilizo en el sitio web?<\/h3>\n<p>S\u00ed, puedes iniciar sesi\u00f3n en la misma cuenta en tu navegador y en la aplicaci\u00f3n. Puedes iniciar sesi\u00f3n desde diferentes dispositivos. Una vez que introduzcas tu nombre de usuario y contrase\u00f1a, todos tus datos se sincronizar\u00e1n y tu saldo y progreso se guardar\u00e1n.<\/p>\n<\/div><\/div><\/p>\n","protected":false},"excerpt":{"rendered":"<p>App MagneticSlots La Magnetic Slots app ofrece todas las funciones de un casino m\u00f3vil en cualquier dispositivo. Nuestro software ofrece un alto rendimiento y una interfaz adaptativa optimizada. Aqu\u00ed, los jugadores espa\u00f1oles tienen acceso instant\u00e1neo a miles de juegos: tragamonedas, mesas de casino en vivo, t\u00edtulos crash y juegos de mesa cl\u00e1sicos. Todos los juegos [&hellip;]<\/p>\n","protected":false},"author":1,"featured_media":0,"parent":0,"menu_order":0,"comment_status":"closed","ping_status":"closed","template":"template-builder.php","meta":{"_acf_changed":false,"inline_featured_image":false,"footnotes":""},"class_list":["post-1442","page","type-page","status-publish","hentry"],"acf":[],"yoast_head":"<!-- This site is optimized with the Yoast SEO plugin v27.3 - https:\/\/yoast.com\/product\/yoast-seo-wordpress\/ -->\n<title>Magnetic Slots App Download | iOS, Android &amp; Desktop<\/title>\n<meta name=\"description\" content=\"Instala Magnetic Slots App en iOS, Android, Windows y macOS para acceder a m\u00e1s de 6000 juegos de casino en cualquier lugar. Rendimiento fluido, sincronizaci\u00f3n de cuenta y soporte 24\/7 \u2013 todo en MagneticSlots.\" \/>\n<meta name=\"robots\" content=\"index, follow, max-snippet:-1, max-image-preview:large, max-video-preview:-1\" \/>\n<link rel=\"canonical\" href=\"https:\/\/magnetic-slots.com\/es\/aplicacion\/\" \/>\n<meta property=\"og:locale\" content=\"es_ES\" \/>\n<meta property=\"og:type\" content=\"article\" \/>\n<meta property=\"og:title\" content=\"Magnetic Slots App Download | iOS, Android &amp; Desktop\" \/>\n<meta property=\"og:description\" content=\"Instala Magnetic Slots App en iOS, Android, Windows y macOS para acceder a m\u00e1s de 6000 juegos de casino en cualquier lugar. Rendimiento fluido, sincronizaci\u00f3n de cuenta y soporte 24\/7 \u2013 todo en MagneticSlots.\" \/>\n<meta property=\"og:url\" content=\"https:\/\/magnetic-slots.com\/es\/aplicacion\/\" \/>\n<meta property=\"og:site_name\" content=\"magnetic-slots\" \/>\n<meta property=\"article:modified_time\" content=\"2025-12-12T14:38:41+00:00\" \/>\n<meta name=\"twitter:card\" content=\"summary_large_image\" \/>\n<meta name=\"twitter:label1\" content=\"Est. reading time\" \/>\n\t<meta name=\"twitter:data1\" content=\"2 minutes\" \/>\n<script type=\"application\/ld+json\" class=\"yoast-schema-graph\">{\"@context\":\"https:\\\/\\\/schema.org\",\"@graph\":[{\"@type\":\"WebPage\",\"@id\":\"https:\\\/\\\/magnetic-slots.com\\\/es\\\/aplicacion\\\/\",\"url\":\"https:\\\/\\\/magnetic-slots.com\\\/es\\\/aplicacion\\\/\",\"name\":\"Magnetic Slots App Download | iOS, Android & Desktop\",\"isPartOf\":{\"@id\":\"https:\\\/\\\/magnetic-slots.com\\\/es\\\/#website\"},\"datePublished\":\"2025-12-12T10:24:45+00:00\",\"dateModified\":\"2025-12-12T14:38:41+00:00\",\"description\":\"Instala Magnetic Slots App en iOS, Android, Windows y macOS para acceder a m\u00e1s de 6000 juegos de casino en cualquier lugar. Rendimiento fluido, sincronizaci\u00f3n de cuenta y soporte 24\\\/7 \u2013 todo en MagneticSlots.\",\"breadcrumb\":{\"@id\":\"https:\\\/\\\/magnetic-slots.com\\\/es\\\/aplicacion\\\/#breadcrumb\"},\"inLanguage\":\"es-ES\",\"potentialAction\":[{\"@type\":\"ReadAction\",\"target\":[\"https:\\\/\\\/magnetic-slots.com\\\/es\\\/aplicacion\\\/\"]}]},{\"@type\":\"BreadcrumbList\",\"@id\":\"https:\\\/\\\/magnetic-slots.com\\\/es\\\/aplicacion\\\/#breadcrumb\",\"itemListElement\":[{\"@type\":\"ListItem\",\"position\":1,\"name\":\"Magneticslots\",\"item\":\"https:\\\/\\\/magnetic-slots.com\\\/es\\\/\"},{\"@type\":\"ListItem\",\"position\":2,\"name\":\"Aplicaci\u00f3n\"}]},{\"@type\":\"WebSite\",\"@id\":\"https:\\\/\\\/magnetic-slots.com\\\/es\\\/#website\",\"url\":\"https:\\\/\\\/magnetic-slots.com\\\/es\\\/\",\"name\":\"Magneticslots\",\"description\":\"\",\"publisher\":{\"@id\":\"https:\\\/\\\/magnetic-slots.com\\\/es\\\/#organization\"},\"potentialAction\":[{\"@type\":\"SearchAction\",\"target\":{\"@type\":\"EntryPoint\",\"urlTemplate\":\"https:\\\/\\\/magnetic-slots.com\\\/es\\\/?s={search_term_string}\"},\"query-input\":{\"@type\":\"PropertyValueSpecification\",\"valueRequired\":true,\"valueName\":\"search_term_string\"}}],\"inLanguage\":\"es-ES\"},{\"@type\":\"Organization\",\"@id\":\"https:\\\/\\\/magnetic-slots.com\\\/es\\\/#organization\",\"name\":\"Magneticslots\",\"url\":\"https:\\\/\\\/magnetic-slots.com\\\/es\\\/\",\"logo\":{\"@type\":\"ImageObject\",\"inLanguage\":\"es-ES\",\"@id\":\"https:\\\/\\\/magnetic-slots.com\\\/es\\\/#\\\/schema\\\/logo\\\/image\\\/\",\"url\":\"https:\\\/\\\/magnetic-slots.com\\\/wp-content\\\/uploads\\\/2025\\\/12\\\/logo.svg\",\"contentUrl\":\"https:\\\/\\\/magnetic-slots.com\\\/wp-content\\\/uploads\\\/2025\\\/12\\\/logo.svg\",\"width\":160,\"height\":27,\"caption\":\"Magneticslots\"},\"image\":{\"@id\":\"https:\\\/\\\/magnetic-slots.com\\\/es\\\/#\\\/schema\\\/logo\\\/image\\\/\"}}]}<\/script>\n<!-- \/ Yoast SEO plugin. -->","yoast_head_json":{"title":"Magnetic Slots App Download | iOS, Android & Desktop","description":"Instala Magnetic Slots App en iOS, Android, Windows y macOS para acceder a m\u00e1s de 6000 juegos de casino en cualquier lugar. Rendimiento fluido, sincronizaci\u00f3n de cuenta y soporte 24\/7 \u2013 todo en MagneticSlots.","robots":{"index":"index","follow":"follow","max-snippet":"max-snippet:-1","max-image-preview":"max-image-preview:large","max-video-preview":"max-video-preview:-1"},"canonical":"https:\/\/magnetic-slots.com\/es\/aplicacion\/","og_locale":"es_ES","og_type":"article","og_title":"Magnetic Slots App Download | iOS, Android & Desktop","og_description":"Instala Magnetic Slots App en iOS, Android, Windows y macOS para acceder a m\u00e1s de 6000 juegos de casino en cualquier lugar. Rendimiento fluido, sincronizaci\u00f3n de cuenta y soporte 24\/7 \u2013 todo en MagneticSlots.","og_url":"https:\/\/magnetic-slots.com\/es\/aplicacion\/","og_site_name":"magnetic-slots","article_modified_time":"2025-12-12T14:38:41+00:00","twitter_card":"summary_large_image","twitter_misc":{"Est. reading time":"2 minutes"},"schema":{"@context":"https:\/\/schema.org","@graph":[{"@type":"WebPage","@id":"https:\/\/magnetic-slots.com\/es\/aplicacion\/","url":"https:\/\/magnetic-slots.com\/es\/aplicacion\/","name":"Magnetic Slots App Download | iOS, Android & Desktop","isPartOf":{"@id":"https:\/\/magnetic-slots.com\/es\/#website"},"datePublished":"2025-12-12T10:24:45+00:00","dateModified":"2025-12-12T14:38:41+00:00","description":"Instala Magnetic Slots App en iOS, Android, Windows y macOS para acceder a m\u00e1s de 6000 juegos de casino en cualquier lugar. Rendimiento fluido, sincronizaci\u00f3n de cuenta y soporte 24\/7 \u2013 todo en MagneticSlots.","breadcrumb":{"@id":"https:\/\/magnetic-slots.com\/es\/aplicacion\/#breadcrumb"},"inLanguage":"es-ES","potentialAction":[{"@type":"ReadAction","target":["https:\/\/magnetic-slots.com\/es\/aplicacion\/"]}]},{"@type":"BreadcrumbList","@id":"https:\/\/magnetic-slots.com\/es\/aplicacion\/#breadcrumb","itemListElement":[{"@type":"ListItem","position":1,"name":"Magneticslots","item":"https:\/\/magnetic-slots.com\/es\/"},{"@type":"ListItem","position":2,"name":"Aplicaci\u00f3n"}]},{"@type":"WebSite","@id":"https:\/\/magnetic-slots.com\/es\/#website","url":"https:\/\/magnetic-slots.com\/es\/","name":"Magneticslots","description":"","publisher":{"@id":"https:\/\/magnetic-slots.com\/es\/#organization"},"potentialAction":[{"@type":"SearchAction","target":{"@type":"EntryPoint","urlTemplate":"https:\/\/magnetic-slots.com\/es\/?s={search_term_string}"},"query-input":{"@type":"PropertyValueSpecification","valueRequired":true,"valueName":"search_term_string"}}],"inLanguage":"es-ES"},{"@type":"Organization","@id":"https:\/\/magnetic-slots.com\/es\/#organization","name":"Magneticslots","url":"https:\/\/magnetic-slots.com\/es\/","logo":{"@type":"ImageObject","inLanguage":"es-ES","@id":"https:\/\/magnetic-slots.com\/es\/#\/schema\/logo\/image\/","url":"https:\/\/magnetic-slots.com\/wp-content\/uploads\/2025\/12\/logo.svg","contentUrl":"https:\/\/magnetic-slots.com\/wp-content\/uploads\/2025\/12\/logo.svg","width":160,"height":27,"caption":"Magneticslots"},"image":{"@id":"https:\/\/magnetic-slots.com\/es\/#\/schema\/logo\/image\/"}}]}},"_links":{"self":[{"href":"https:\/\/magnetic-slots.com\/es\/wp-json\/wp\/v2\/pages\/1442","targetHints":{"allow":["GET"]}}],"collection":[{"href":"https:\/\/magnetic-slots.com\/es\/wp-json\/wp\/v2\/pages"}],"about":[{"href":"https:\/\/magnetic-slots.com\/es\/wp-json\/wp\/v2\/types\/page"}],"author":[{"embeddable":true,"href":"https:\/\/magnetic-slots.com\/es\/wp-json\/wp\/v2\/users\/1"}],"replies":[{"embeddable":true,"href":"https:\/\/magnetic-slots.com\/es\/wp-json\/wp\/v2\/comments?post=1442"}],"version-history":[{"count":2,"href":"https:\/\/magnetic-slots.com\/es\/wp-json\/wp\/v2\/pages\/1442\/revisions"}],"predecessor-version":[{"id":1841,"href":"https:\/\/magnetic-slots.com\/es\/wp-json\/wp\/v2\/pages\/1442\/revisions\/1841"}],"wp:attachment":[{"href":"https:\/\/magnetic-slots.com\/es\/wp-json\/wp\/v2\/media?parent=1442"}],"curies":[{"name":"wp","href":"https:\/\/api.w.org\/{rel}","templated":true}]}}