{"id":1447,"date":"2025-12-12T10:56:08","date_gmt":"2025-12-12T10:56:08","guid":{"rendered":"https:\/\/magnetic-slots.com\/bonus\/"},"modified":"2025-12-12T12:45:56","modified_gmt":"2025-12-12T12:45:56","slug":"aktionen","status":"publish","type":"page","link":"https:\/\/magnetic-slots.com\/de\/aktionen\/","title":{"rendered":"Aktionen"},"content":{"rendered":"<h1>Magnetic Slots Boni<\/h1>\n<p>Das Magnetic Slots Bonus System belohnt Spieler von Anfang an. Unsere Plattform bietet Spielern eine Vielzahl von Aktionen und Sonderangeboten. Wir arbeiten jeden Tag daran, Ihr Spielerlebnis zu verbessern. Neue Spieler erhalten das Magnetic Slots Bonus Willkommenspaket im Wert von 1.500 \u20ac und 250 Freispielen. Alle Boni sind einfach zu aktivieren und sowohl auf der Website als auch in der mobilen App vollst\u00e4ndig verf\u00fcgbar.<\/p>\n<p><div class=\"banner-wrap\" aria-label=\"Banner\"><img src=\"https:\/\/magnetic-slots.com\/wp-content\/uploads\/2025\/12\/header-bg-1.webp\" class=\"w-100 d-none d-lg-block img-pc main-banner-img\" alt=\"MagneticSlots desktop banner\" fetchpriority=\"high\" decoding=\"async\"><img src=\"https:\/\/magnetic-slots.com\/wp-content\/uploads\/2025\/12\/MagneticSlots-mobile-banner.webp\" class=\"w-100 d-none d-md-block d-lg-none main-banner-img\" alt=\"MagneticSlots mobile banner\" fetchpriority=\"high\" decoding=\"async\"><img src=\"https:\/\/magnetic-slots.com\/wp-content\/uploads\/2025\/12\/MagneticSlots-mobile-banner.webp\" class=\"w-100 d-md-none\" alt=\"MagneticSlots mobile banner\" fetchpriority=\"high\" decoding=\"async\"><div class=\"banner-description\">\n<div class=\"banner-title\">Willkommensboni<\/div>\n<p class=\"banner-header-title\">1500 \u20ac<\/p>\n<div class=\"banner-header-AdditionalText\">+ 250 Freispiele<\/div>\n<button data-item=\"homepage_banner_link\" class=\"goto m-button m-gradient-border m-button--primary m-button--large banner-button btn-orange\">\n            <div class=\"m-button-content\">\n                <span>Melden Sie sich jetzt an<\/span>\n                <span><\/span>\n            <\/div>\n        <\/button>\n<\/div>\n<div class=\"WelcomePack\">\n<p><img loading=\"lazy\" decoding=\"async\" class=\"alignnone size-full wp-image-1339\" src=\"https:\/\/magnetic-slots.com\/wp-content\/uploads\/2025\/12\/welcome-crown.svg\" alt=\"crown\" width=\"25\" height=\"26\" \/><\/p>\n<div class=\"WelcomePack-Info\">W\u00f6chentliches Cashback bis zu 25 %<\/div>\n<p><img loading=\"lazy\" decoding=\"async\" class=\"alignnone size-full wp-image-1339\" src=\"https:\/\/magnetic-slots.com\/wp-content\/uploads\/2025\/12\/welcome-crown.svg\" alt=\"crown\" width=\"25\" height=\"26\" \/><\/p>\n<\/div>\n<\/div><div class=\"promotions-wrap\"><div class=\"promotion-card\" style=\"background-image: url(https:\/\/magnetic-slots.com\/wp-content\/uploads\/2025\/12\/First-deposit.webp);\"><h2 class=\"promotion-card__title\">Erste Einzahlung<\/h2><label class=\"promotion-card__offer\">100 % Bonus von bis zu 500 \u20ac und 150 Freispiele<\/label><label class=\"promotion-card__description\"><\/label><div class=\"promotion-card__actions\"><button data-item=\"payments_link\" data-group=\"website_links\" class=\"goto btn btn-orange rounded-pill fw-bold px-4 m-button m-gradient-border m-button--primary m-button--large promotion-button promotion-card__action-btn\" aria-label=\"Anmelden\"><div class=\"m-button-content\"><span class=\"promotion-button__content\">Anmelden<\/span><\/div><\/button><button data-item=\"http:\/\/bonus_link\" data-group=\"website_links\" class=\"goto m-button m-gradient-border m-button--secondary m-button--medium promotion-card__info-btn\" aria-label=\"More information\"><div class=\"m-button-content\"><svg viewBox=\"0 0 24 24\" fill=\"none\" xmlns=\"http:\/\/www.w3.org\/2000\/svg\" class=\"m-icon m-icon-loadable\" name=\"Attention\" loading=\"false\" aria-hidden=\"true\"><path d=\"M12 22C6.477 22 2 17.522 2 12S6.477 2 12 2s10 4.478 10 10-4.477 10-10 10m-.002-13.004a.999.999 0 1 0 0-1.997.999.999 0 0 0 0 1.997M12 17a1 1 0 0 0 .993-.884L13 16l-.002-5.001-.007-.117a1 1 0 0 0-1.986 0l-.007.117L11 16l.007.117A1 1 0 0 0 12 17\" fill=\"currentColor\"><\/path><\/svg><\/div><\/button><\/div><\/div><div class=\"promotion-card\" style=\"background-image: url(https:\/\/magnetic-slots.com\/wp-content\/uploads\/2025\/12\/Second-deposit.webp);\"><h2 class=\"promotion-card__title\">Zweite Einzahlung<\/h2><label class=\"promotion-card__offer\">55 % bis zu 500 \u20ac plus 100 Freispiele<\/label><label class=\"promotion-card__description\"><\/label><div class=\"promotion-card__actions\"><button data-item=\"payments_link\" data-group=\"website_links\" class=\"goto btn btn-orange rounded-pill fw-bold px-4 m-button m-gradient-border m-button--primary m-button--large promotion-button promotion-card__action-btn\" aria-label=\"Anmelden\"><div class=\"m-button-content\"><span class=\"promotion-button__content\">Anmelden<\/span><\/div><\/button><button data-item=\"http:\/\/bonus_link\" data-group=\"website_links\" class=\"goto m-button m-gradient-border m-button--secondary m-button--medium promotion-card__info-btn\" aria-label=\"More information\"><div class=\"m-button-content\"><svg viewBox=\"0 0 24 24\" fill=\"none\" xmlns=\"http:\/\/www.w3.org\/2000\/svg\" class=\"m-icon m-icon-loadable\" name=\"Attention\" loading=\"false\" aria-hidden=\"true\"><path d=\"M12 22C6.477 22 2 17.522 2 12S6.477 2 12 2s10 4.478 10 10-4.477 10-10 10m-.002-13.004a.999.999 0 1 0 0-1.997.999.999 0 0 0 0 1.997M12 17a1 1 0 0 0 .993-.884L13 16l-.002-5.001-.007-.117a1 1 0 0 0-1.986 0l-.007.117L11 16l.007.117A1 1 0 0 0 12 17\" fill=\"currentColor\"><\/path><\/svg><\/div><\/button><\/div><\/div><div class=\"promotion-card\" style=\"background-image: url(https:\/\/magnetic-slots.com\/wp-content\/uploads\/2025\/12\/Third-deposit.webp);\"><h2 class=\"promotion-card__title\">Dritte Einzahlung<\/h2><label class=\"promotion-card__offer\">100 %-Bonus von bis zu 500 \u20ac<\/label><label class=\"promotion-card__description\"><\/label><div class=\"promotion-card__actions\"><button data-item=\"payments_link\" data-group=\"website_links\" class=\"goto btn btn-orange rounded-pill fw-bold px-4 m-button m-gradient-border m-button--primary m-button--large promotion-button promotion-card__action-btn\" aria-label=\"Anmelden\"><div class=\"m-button-content\"><span class=\"promotion-button__content\">Anmelden<\/span><\/div><\/button><button data-item=\"http:\/\/bonus_link\" data-group=\"website_links\" class=\"goto m-button m-gradient-border m-button--secondary m-button--medium promotion-card__info-btn\" aria-label=\"More information\"><div class=\"m-button-content\"><svg viewBox=\"0 0 24 24\" fill=\"none\" xmlns=\"http:\/\/www.w3.org\/2000\/svg\" class=\"m-icon m-icon-loadable\" name=\"Attention\" loading=\"false\" aria-hidden=\"true\"><path d=\"M12 22C6.477 22 2 17.522 2 12S6.477 2 12 2s10 4.478 10 10-4.477 10-10 10m-.002-13.004a.999.999 0 1 0 0-1.997.999.999 0 0 0 0 1.997M12 17a1 1 0 0 0 .993-.884L13 16l-.002-5.001-.007-.117a1 1 0 0 0-1.986 0l-.007.117L11 16l.007.117A1 1 0 0 0 12 17\" fill=\"currentColor\"><\/path><\/svg><\/div><\/button><\/div><\/div><div class=\"promotion-card\" style=\"background-image: url(https:\/\/magnetic-slots.com\/wp-content\/uploads\/2025\/12\/Cashback.webp);\"><h2 class=\"promotion-card__title\">W\u00f6chentlicher Cashback<\/h2><label class=\"promotion-card__offer\">Bis zu 25 %<\/label><label class=\"promotion-card__description\"><\/label><div class=\"promotion-card__actions\"><button data-item=\"payments_link\" data-group=\"website_links\" class=\"goto btn btn-orange rounded-pill fw-bold px-4 m-button m-gradient-border m-button--primary m-button--large promotion-button promotion-card__action-btn\" aria-label=\"Anmelden\"><div class=\"m-button-content\"><span class=\"promotion-button__content\">Anmelden<\/span><\/div><\/button><button data-item=\"http:\/\/bonus_link\" data-group=\"website_links\" class=\"goto m-button m-gradient-border m-button--secondary m-button--medium promotion-card__info-btn\" aria-label=\"More information\"><div class=\"m-button-content\"><svg viewBox=\"0 0 24 24\" fill=\"none\" xmlns=\"http:\/\/www.w3.org\/2000\/svg\" class=\"m-icon m-icon-loadable\" name=\"Attention\" loading=\"false\" aria-hidden=\"true\"><path d=\"M12 22C6.477 22 2 17.522 2 12S6.477 2 12 2s10 4.478 10 10-4.477 10-10 10m-.002-13.004a.999.999 0 1 0 0-1.997.999.999 0 0 0 0 1.997M12 17a1 1 0 0 0 .993-.884L13 16l-.002-5.001-.007-.117a1 1 0 0 0-1.986 0l-.007.117L11 16l.007.117A1 1 0 0 0 12 17\" fill=\"currentColor\"><\/path><\/svg><\/div><\/button><\/div><\/div><div class=\"promotion-card\" style=\"background-image: url(https:\/\/magnetic-slots.com\/wp-content\/uploads\/2025\/12\/Rakeback.webp);\"><h2 class=\"promotion-card__title\">Rakeback<\/h2><label class=\"promotion-card__offer\">Bis zu 17 %<\/label><label class=\"promotion-card__description\"><\/label><div class=\"promotion-card__actions\"><button data-item=\"payments_link\" data-group=\"website_links\" class=\"goto btn btn-orange rounded-pill fw-bold px-4 m-button m-gradient-border m-button--primary m-button--large promotion-button promotion-card__action-btn\" aria-label=\"Anmelden\"><div class=\"m-button-content\"><span class=\"promotion-button__content\">Anmelden<\/span><\/div><\/button><button data-item=\"http:\/\/bonus_link\" data-group=\"website_links\" class=\"goto m-button m-gradient-border m-button--secondary m-button--medium promotion-card__info-btn\" aria-label=\"More information\"><div class=\"m-button-content\"><svg viewBox=\"0 0 24 24\" fill=\"none\" xmlns=\"http:\/\/www.w3.org\/2000\/svg\" class=\"m-icon m-icon-loadable\" name=\"Attention\" loading=\"false\" aria-hidden=\"true\"><path d=\"M12 22C6.477 22 2 17.522 2 12S6.477 2 12 2s10 4.478 10 10-4.477 10-10 10m-.002-13.004a.999.999 0 1 0 0-1.997.999.999 0 0 0 0 1.997M12 17a1 1 0 0 0 .993-.884L13 16l-.002-5.001-.007-.117a1 1 0 0 0-1.986 0l-.007.117L11 16l.007.117A1 1 0 0 0 12 17\" fill=\"currentColor\"><\/path><\/svg><\/div><\/button><\/div><\/div><div class=\"promotion-card\" style=\"background-image: url(https:\/\/magnetic-slots.com\/wp-content\/uploads\/2025\/12\/Sunday-reload.webp);\"><h2 class=\"promotion-card__title\">Sonntag-Nachladen<\/h2><label class=\"promotion-card__offer\">25 % Einzahlungsbonus bis zu 100 \u20ac<\/label><label class=\"promotion-card__description\"><\/label><div class=\"promotion-card__actions\"><button data-item=\"payments_link\" data-group=\"website_links\" class=\"goto btn btn-orange rounded-pill fw-bold px-4 m-button m-gradient-border m-button--primary m-button--large promotion-button promotion-card__action-btn\" aria-label=\"Anmelden\"><div class=\"m-button-content\"><span class=\"promotion-button__content\">Anmelden<\/span><\/div><\/button><button data-item=\"http:\/\/bonus_link\" data-group=\"website_links\" class=\"goto m-button m-gradient-border m-button--secondary m-button--medium promotion-card__info-btn\" aria-label=\"More information\"><div class=\"m-button-content\"><svg viewBox=\"0 0 24 24\" fill=\"none\" xmlns=\"http:\/\/www.w3.org\/2000\/svg\" class=\"m-icon m-icon-loadable\" name=\"Attention\" loading=\"false\" aria-hidden=\"true\"><path d=\"M12 22C6.477 22 2 17.522 2 12S6.477 2 12 2s10 4.478 10 10-4.477 10-10 10m-.002-13.004a.999.999 0 1 0 0-1.997.999.999 0 0 0 0 1.997M12 17a1 1 0 0 0 .993-.884L13 16l-.002-5.001-.007-.117a1 1 0 0 0-1.986 0l-.007.117L11 16l.007.117A1 1 0 0 0 12 17\" fill=\"currentColor\"><\/path><\/svg><\/div><\/button><\/div><\/div><\/div><div class=\"scrollable-content-wrap my-5\"><div class=\"scrollable-content-inner\"><h2>Arten von Magnetic Slots Boni<\/h2>\n<p>Bei Magnetic Slots erhalten Spieler jeden Tag eine gro\u00dfe Auswahl an Boni. Unsere Plattform bietet viele Belohnungen, um den Spielprozess zu verl\u00e4ngern und die Gewinnchancen zu erh\u00f6hen. Zus\u00e4tzlich zum Willkommensbonus bieten wir regelm\u00e4\u00dfige Aktionen, VIP-Privilegien und w\u00f6chentliche Belohnungen. Alle Aktionen stehen registrierten Benutzern zur Verf\u00fcgung und k\u00f6nnen nach der Verifizierung genutzt werden. Jedes Angebot l\u00e4sst sich ganz einfach \u00fcber Ihr Konto-Kontrollpanel aktivieren. Sehen Sie sich die vollst\u00e4ndige Liste unserer Aktionen an:<\/p>\n<table>\n<tbody>\n<tr>\n<td>Bonusart<\/td>\n<td>Beschreibung<\/td>\n<\/tr>\n<tr>\n<td>Willkommenspaket<\/td>\n<td>Bis zu 1.500 \u20ac + 250 FS f\u00fcr neue Spieler.<\/td>\n<\/tr>\n<tr>\n<td>VIP-Vorteile<\/td>\n<td>Sonderboni, personalisierte Angebote, Pr\u00e4mien f\u00fcr High Roller.<\/td>\n<\/tr>\n<tr>\n<td>W\u00f6chentlicher Cashback<\/td>\n<td>Bis zu 25 % Cashback werden automatisch gutgeschrieben.<\/td>\n<\/tr>\n<tr>\n<td>Rakeback<\/td>\n<td>Bis zu 17 % Rendite auf ausgew\u00e4hlte Spiele.<\/td>\n<\/tr>\n<tr>\n<td>Sonntag-Nachladen<\/td>\n<td>25 % Einzahlungsbonus bis zu 100 \u20ac jeden Sonntag.<\/td>\n<\/tr>\n<\/tbody>\n<\/table>\n<h2>Magnetic Slots Willkommensangebot<\/h2>\n<p>Das Willkommensangebot von Magnetic Slots bietet neuen Spielern einen starken Start. Unser Magnetic Slots-Bonuspaket im Wert von 1.500 \u20ac und 250 Freispiele verteilt sich auf Ihre ersten drei Einzahlungen. Diese Belohnung hilft Ihnen, die Plattform zu erkunden, verschiedene Spiele auszuprobieren und vom ersten Tag an mit einem h\u00f6heren Guthaben zu spielen.<\/p>\n<h3>Erste Einzahlung<\/h3>\n<p>Bei Ihrer ersten Einzahlung erhalten Sie einen 100 % Bonus von bis zu 500 \u20ac und 150 Freispiele \u00fcber drei Tage verteilt. Die Mindesteinzahlung betr\u00e4gt 20 \u20ac.<\/p>\n<h3>Zweite Einzahlung<\/h3>\n<p>Bei Ihrer zweiten Einzahlung erhalten Sie einen Bonus von 55 % bis zu 500 \u20ac plus 100 Freispiele. Der Mindesteinzahlungsbetrag betr\u00e4gt weiterhin 20 \u20ac und es ist kein Promo-Code erforderlich.<\/p>\n<h3>Dritte Einzahlung<\/h3>\n<p>Die dritte Einzahlung bringt Ihnen einen 100 %-Bonus von bis zu 500 \u20ac. Obwohl dieser Bonus keine Freispiele beinhaltet, verdoppelt er dennoch Ihr Guthaben.<\/p>\n<h2>Magnetic Slots Liste der Casino-Turniere<\/h2>\n<p>Bei Magnetic Slots bieten wir eine gro\u00dfe Auswahl an Turnieren mit transparenten Regeln und Echtzeit-Ranglisten. Unsere Veranstaltungen finden t\u00e4glich, w\u00f6chentlich und saisonal statt, und jeder selbstbewusste Spieler hat die Chance, den Hauptpreis zu gewinnen. Sie k\u00f6nnen von Ihrem Konto aus an jedem Turnier teilnehmen und um hohe Geldpreise, Freispiele und andere Belohnungen k\u00e4mpfen. Jeder Wettbewerb hat sein eigenes Punktesystem und seinen eigenen Preispool. Dank Online-Ranglisten und sofortigen Fortschrittsaktualisierungen wissen Sie immer, wo Sie stehen und welche potenziellen Belohnungen Sie erwarten. Regelm\u00e4\u00dfige Teilnahme erh\u00f6ht Ihre Aktivit\u00e4t und er\u00f6ffnet Ihnen mehr M\u00f6glichkeiten.<\/p>\n<table>\n<tbody>\n<tr>\n<td>Turniernamen<\/td>\n<td>Preispool<\/td>\n<\/tr>\n<tr>\n<td>Drops &amp; Wins<\/td>\n<td>2.000.000 \u20ac \/ 25.000.000 \u20ac (je nach Saison unterschiedlich)<\/td>\n<\/tr>\n<tr>\n<td>Spinoleague<\/td>\n<td>12.000.000 \u20ac<\/td>\n<\/tr>\n<tr>\n<td>Big Sunday Blast<\/td>\n<td>20.000 \u20ac w\u00f6chentlich<\/td>\n<\/tr>\n<tr>\n<td>BGaming Drops Frenzy<\/td>\n<td>660.000+ \u20ac<\/td>\n<\/tr>\n<tr>\n<td>Drops &amp; Wins<\/td>\n<td>2.500 \u20ac<\/td>\n<\/tr>\n<tr>\n<td>Fortune Rush<\/td>\n<td>75.000 \u20ac<\/td>\n<\/tr>\n<tr>\n<td>Live-Turnier<\/td>\n<td>10.000 \u20ac<\/td>\n<\/tr>\n<tr>\n<td>Rookie-Rumble-Turnier<\/td>\n<td>2.500 \u20ac t\u00e4glich<\/td>\n<\/tr>\n<tr>\n<td>Lava Wins<\/td>\n<td>75.000 \u20ac<\/td>\n<\/tr>\n<\/tbody>\n<\/table>\n<h2>MagneticSlots Allgemeine Gesch\u00e4ftsbedingungen<\/h2>\n<ul>\n<li>Aktivierungs-Einzahlung: Boni sind nach einer Einzahlung verf\u00fcgbar. F\u00fcr jeden Bonus ist eine Mindesteinzahlung von 20 \u20ac erforderlich.<\/li>\n<li>G\u00fcltigkeitsdauer: Jeder Bonus ist f\u00fcr einen begrenzten Zeitraum g\u00fcltig, in der Regel 7 bis 14 Tage ab dem Zeitpunkt der Gutschrift.<\/li>\n<li>Wettbedingungen: Alle Bonusgelder m\u00fcssen 35- bis 40-mal umgesetzt werden, bevor sie ausgezahlt werden k\u00f6nnen.<\/li>\n<li>Einsatzprozents\u00e4tze in Spielen: Standard-Slots tragen zu 100 % bei, Slots mit Kaufoption zu 50 %, Live-Roulette und Blackjack zu 10 %. Andere Kategorien k\u00f6nnen weniger beitragen oder ausgeschlossen sein.<\/li>\n<li>Einsatzlimits: W\u00e4hrend der Einsatzzeit betr\u00e4gt der maximale Einsatz 5 \u20ac pro Dreh oder Spielrunde.<\/li>\n<li>Bonuskompatibilit\u00e4t: Es kann immer nur ein Bonus aktiv sein. Boni sind an Einzahlungen gebunden und k\u00f6nnen nicht mit Turnieren oder anderen Aktionen kombiniert werden.<\/li>\n<\/ul>\n<h2>H\u00e4ufig gestellte Fragen<\/h2>\n<h3>Was sind die Umsatzbedingungen f\u00fcr Boni?<\/h3>\n<p>Alle Bonusgelder bei MagneticSlots m\u00fcssen 35- bis 40-mal umgesetzt werden, bevor Sie sie auszahlen lassen k\u00f6nnen. Verschiedene Spiele tragen unterschiedlich zu diesen Anforderungen bei. Standard-Slots z\u00e4hlen zu 100 %, Slots mit Kaufoptionen zu 50 % und Live-Tischspiele wie Roulette und Blackjack zu 10 %. Andere Spiele k\u00f6nnen weniger beitragen oder ausgeschlossen sein.<\/p>\n<h3>Warum habe ich nach meiner Einzahlung keinen Bonus erhalten?<\/h3>\n<p>F\u00fcr Boni ist eine Mindesteinzahlung von 20 \u20ac erforderlich, und in einigen F\u00e4llen m\u00fcssen sie m\u00f6glicherweise manuell aktiviert werden. Stellen Sie sicher, dass Sie die Einzahlungsbedingungen erf\u00fcllen, und pr\u00fcfen Sie, ob derzeit ein anderer Bonus verf\u00fcgbar ist, da jeweils nur eine Aktion genutzt werden kann. Wenden Sie sich an den Support, wenn das Problem weiterhin besteht.<\/p>\n<h3>Wie werde ich \u00fcber neue Werbeaktionen informiert?<\/h3>\n<p>Sie k\u00f6nnen sich \u00fcber bevorstehende Werbeaktionen auf dem Laufenden halten, indem Sie die Benachrichtigungen in Ihrem Konto aktivieren oder sich f\u00fcr unseren E-Mail-Verteiler anmelden. Auf Mobilger\u00e4ten k\u00f6nnen Sie Push-Nachrichten erhalten, die Sie sofort \u00fcber neue Boni und Sonderangebote informieren.<\/p>\n<h3>Kann ich Bonusgelder in Turnieren oder bei Sonderveranstaltungen verwenden?<\/h3>\n<p>Bonusgelder k\u00f6nnen nicht mit Turnieren oder Sonderveranstaltungen kombiniert werden. Gem\u00e4\u00df den Regeln und Umsatzbedingungen sind Boni an Einzahlungen gebunden und f\u00fcr das regul\u00e4re Spiel vorgesehen.<\/p>\n<\/div><\/div><\/p>\n","protected":false},"excerpt":{"rendered":"<p>Magnetic Slots Boni Das Magnetic Slots Bonus System belohnt Spieler von Anfang an. Unsere Plattform bietet Spielern eine Vielzahl von Aktionen und Sonderangeboten. Wir arbeiten jeden Tag daran, Ihr Spielerlebnis zu verbessern. Neue Spieler erhalten das Magnetic Slots Bonus Willkommenspaket im Wert von 1.500 \u20ac und 250 Freispielen. Alle Boni sind einfach zu aktivieren und [&hellip;]<\/p>\n","protected":false},"author":1,"featured_media":0,"parent":0,"menu_order":0,"comment_status":"closed","ping_status":"closed","template":"template-builder.php","meta":{"_acf_changed":false,"inline_featured_image":false,"footnotes":""},"class_list":["post-1447","page","type-page","status-publish","hentry"],"acf":[],"yoast_head":"<!-- This site is optimized with the Yoast SEO plugin v27.3 - https:\/\/yoast.com\/product\/yoast-seo-wordpress\/ -->\n<title>Magnetic Slots Bonus | Freispiele und Sonderangebote f\u00fcr Spieler<\/title>\n<meta name=\"description\" content=\"Magnetic Slots Bonus \u2013 entdecke Willkommensboni, Free Spins, Cashback-Belohnungen und exklusive Aktionen. Alle Bedingungen und Einl\u00f6seinweise findest du bei MagneticSlots.\" \/>\n<meta name=\"robots\" content=\"index, follow, max-snippet:-1, max-image-preview:large, max-video-preview:-1\" \/>\n<link rel=\"canonical\" href=\"https:\/\/magnetic-slots.com\/de\/aktionen\/\" \/>\n<meta property=\"og:locale\" content=\"de_DE\" \/>\n<meta property=\"og:type\" content=\"article\" \/>\n<meta property=\"og:title\" content=\"Magnetic Slots Bonus | Freispiele und Sonderangebote f\u00fcr Spieler\" \/>\n<meta property=\"og:description\" content=\"Magnetic Slots Bonus \u2013 entdecke Willkommensboni, Free Spins, Cashback-Belohnungen und exklusive Aktionen. Alle Bedingungen und Einl\u00f6seinweise findest du bei MagneticSlots.\" \/>\n<meta property=\"og:url\" content=\"https:\/\/magnetic-slots.com\/de\/aktionen\/\" \/>\n<meta property=\"og:site_name\" content=\"magnetic-slots\" \/>\n<meta property=\"article:modified_time\" content=\"2025-12-12T12:45:56+00:00\" \/>\n<meta name=\"twitter:card\" content=\"summary_large_image\" \/>\n<meta name=\"twitter:label1\" content=\"Gesch\u00e4tzte Lesezeit\" \/>\n\t<meta name=\"twitter:data1\" content=\"1\u00a0Minute\" \/>\n<script type=\"application\/ld+json\" class=\"yoast-schema-graph\">{\"@context\":\"https:\\\/\\\/schema.org\",\"@graph\":[{\"@type\":\"WebPage\",\"@id\":\"https:\\\/\\\/magnetic-slots.com\\\/de\\\/aktionen\\\/\",\"url\":\"https:\\\/\\\/magnetic-slots.com\\\/de\\\/aktionen\\\/\",\"name\":\"Magnetic Slots Bonus | Freispiele und Sonderangebote f\u00fcr Spieler\",\"isPartOf\":{\"@id\":\"https:\\\/\\\/magnetic-slots.com\\\/de\\\/#website\"},\"datePublished\":\"2025-12-12T10:56:08+00:00\",\"dateModified\":\"2025-12-12T12:45:56+00:00\",\"description\":\"Magnetic Slots Bonus \u2013 entdecke Willkommensboni, Free Spins, Cashback-Belohnungen und exklusive Aktionen. Alle Bedingungen und Einl\u00f6seinweise findest du bei MagneticSlots.\",\"breadcrumb\":{\"@id\":\"https:\\\/\\\/magnetic-slots.com\\\/de\\\/aktionen\\\/#breadcrumb\"},\"inLanguage\":\"de\",\"potentialAction\":[{\"@type\":\"ReadAction\",\"target\":[\"https:\\\/\\\/magnetic-slots.com\\\/de\\\/aktionen\\\/\"]}]},{\"@type\":\"BreadcrumbList\",\"@id\":\"https:\\\/\\\/magnetic-slots.com\\\/de\\\/aktionen\\\/#breadcrumb\",\"itemListElement\":[{\"@type\":\"ListItem\",\"position\":1,\"name\":\"Magneticslots\",\"item\":\"https:\\\/\\\/magnetic-slots.com\\\/de\\\/\"},{\"@type\":\"ListItem\",\"position\":2,\"name\":\"Aktionen\"}]},{\"@type\":\"WebSite\",\"@id\":\"https:\\\/\\\/magnetic-slots.com\\\/de\\\/#website\",\"url\":\"https:\\\/\\\/magnetic-slots.com\\\/de\\\/\",\"name\":\"Magneticslots\",\"description\":\"\",\"publisher\":{\"@id\":\"https:\\\/\\\/magnetic-slots.com\\\/de\\\/#organization\"},\"potentialAction\":[{\"@type\":\"SearchAction\",\"target\":{\"@type\":\"EntryPoint\",\"urlTemplate\":\"https:\\\/\\\/magnetic-slots.com\\\/de\\\/?s={search_term_string}\"},\"query-input\":{\"@type\":\"PropertyValueSpecification\",\"valueRequired\":true,\"valueName\":\"search_term_string\"}}],\"inLanguage\":\"de\"},{\"@type\":\"Organization\",\"@id\":\"https:\\\/\\\/magnetic-slots.com\\\/de\\\/#organization\",\"name\":\"Magneticslots\",\"url\":\"https:\\\/\\\/magnetic-slots.com\\\/de\\\/\",\"logo\":{\"@type\":\"ImageObject\",\"inLanguage\":\"de\",\"@id\":\"https:\\\/\\\/magnetic-slots.com\\\/de\\\/#\\\/schema\\\/logo\\\/image\\\/\",\"url\":\"https:\\\/\\\/magnetic-slots.com\\\/wp-content\\\/uploads\\\/2025\\\/12\\\/logo.svg\",\"contentUrl\":\"https:\\\/\\\/magnetic-slots.com\\\/wp-content\\\/uploads\\\/2025\\\/12\\\/logo.svg\",\"width\":160,\"height\":27,\"caption\":\"Magneticslots\"},\"image\":{\"@id\":\"https:\\\/\\\/magnetic-slots.com\\\/de\\\/#\\\/schema\\\/logo\\\/image\\\/\"}}]}<\/script>\n<!-- \/ Yoast SEO plugin. -->","yoast_head_json":{"title":"Magnetic Slots Bonus | Freispiele und Sonderangebote f\u00fcr Spieler","description":"Magnetic Slots Bonus \u2013 entdecke Willkommensboni, Free Spins, Cashback-Belohnungen und exklusive Aktionen. Alle Bedingungen und Einl\u00f6seinweise findest du bei MagneticSlots.","robots":{"index":"index","follow":"follow","max-snippet":"max-snippet:-1","max-image-preview":"max-image-preview:large","max-video-preview":"max-video-preview:-1"},"canonical":"https:\/\/magnetic-slots.com\/de\/aktionen\/","og_locale":"de_DE","og_type":"article","og_title":"Magnetic Slots Bonus | Freispiele und Sonderangebote f\u00fcr Spieler","og_description":"Magnetic Slots Bonus \u2013 entdecke Willkommensboni, Free Spins, Cashback-Belohnungen und exklusive Aktionen. Alle Bedingungen und Einl\u00f6seinweise findest du bei MagneticSlots.","og_url":"https:\/\/magnetic-slots.com\/de\/aktionen\/","og_site_name":"magnetic-slots","article_modified_time":"2025-12-12T12:45:56+00:00","twitter_card":"summary_large_image","twitter_misc":{"Gesch\u00e4tzte Lesezeit":"1\u00a0Minute"},"schema":{"@context":"https:\/\/schema.org","@graph":[{"@type":"WebPage","@id":"https:\/\/magnetic-slots.com\/de\/aktionen\/","url":"https:\/\/magnetic-slots.com\/de\/aktionen\/","name":"Magnetic Slots Bonus | Freispiele und Sonderangebote f\u00fcr Spieler","isPartOf":{"@id":"https:\/\/magnetic-slots.com\/de\/#website"},"datePublished":"2025-12-12T10:56:08+00:00","dateModified":"2025-12-12T12:45:56+00:00","description":"Magnetic Slots Bonus \u2013 entdecke Willkommensboni, Free Spins, Cashback-Belohnungen und exklusive Aktionen. Alle Bedingungen und Einl\u00f6seinweise findest du bei MagneticSlots.","breadcrumb":{"@id":"https:\/\/magnetic-slots.com\/de\/aktionen\/#breadcrumb"},"inLanguage":"de","potentialAction":[{"@type":"ReadAction","target":["https:\/\/magnetic-slots.com\/de\/aktionen\/"]}]},{"@type":"BreadcrumbList","@id":"https:\/\/magnetic-slots.com\/de\/aktionen\/#breadcrumb","itemListElement":[{"@type":"ListItem","position":1,"name":"Magneticslots","item":"https:\/\/magnetic-slots.com\/de\/"},{"@type":"ListItem","position":2,"name":"Aktionen"}]},{"@type":"WebSite","@id":"https:\/\/magnetic-slots.com\/de\/#website","url":"https:\/\/magnetic-slots.com\/de\/","name":"Magneticslots","description":"","publisher":{"@id":"https:\/\/magnetic-slots.com\/de\/#organization"},"potentialAction":[{"@type":"SearchAction","target":{"@type":"EntryPoint","urlTemplate":"https:\/\/magnetic-slots.com\/de\/?s={search_term_string}"},"query-input":{"@type":"PropertyValueSpecification","valueRequired":true,"valueName":"search_term_string"}}],"inLanguage":"de"},{"@type":"Organization","@id":"https:\/\/magnetic-slots.com\/de\/#organization","name":"Magneticslots","url":"https:\/\/magnetic-slots.com\/de\/","logo":{"@type":"ImageObject","inLanguage":"de","@id":"https:\/\/magnetic-slots.com\/de\/#\/schema\/logo\/image\/","url":"https:\/\/magnetic-slots.com\/wp-content\/uploads\/2025\/12\/logo.svg","contentUrl":"https:\/\/magnetic-slots.com\/wp-content\/uploads\/2025\/12\/logo.svg","width":160,"height":27,"caption":"Magneticslots"},"image":{"@id":"https:\/\/magnetic-slots.com\/de\/#\/schema\/logo\/image\/"}}]}},"_links":{"self":[{"href":"https:\/\/magnetic-slots.com\/de\/wp-json\/wp\/v2\/pages\/1447","targetHints":{"allow":["GET"]}}],"collection":[{"href":"https:\/\/magnetic-slots.com\/de\/wp-json\/wp\/v2\/pages"}],"about":[{"href":"https:\/\/magnetic-slots.com\/de\/wp-json\/wp\/v2\/types\/page"}],"author":[{"embeddable":true,"href":"https:\/\/magnetic-slots.com\/de\/wp-json\/wp\/v2\/users\/1"}],"replies":[{"embeddable":true,"href":"https:\/\/magnetic-slots.com\/de\/wp-json\/wp\/v2\/comments?post=1447"}],"version-history":[{"count":2,"href":"https:\/\/magnetic-slots.com\/de\/wp-json\/wp\/v2\/pages\/1447\/revisions"}],"predecessor-version":[{"id":1666,"href":"https:\/\/magnetic-slots.com\/de\/wp-json\/wp\/v2\/pages\/1447\/revisions\/1666"}],"wp:attachment":[{"href":"https:\/\/magnetic-slots.com\/de\/wp-json\/wp\/v2\/media?parent=1447"}],"curies":[{"name":"wp","href":"https:\/\/api.w.org\/{rel}","templated":true}]}}