{"id":1435,"date":"2025-12-12T10:24:45","date_gmt":"2025-12-12T10:24:45","guid":{"rendered":"https:\/\/magnetic-slots.com\/app-2\/"},"modified":"2025-12-12T12:41:16","modified_gmt":"2025-12-12T12:41:16","slug":"app","status":"publish","type":"page","link":"https:\/\/magnetic-slots.com\/de\/app\/","title":{"rendered":"App"},"content":{"rendered":"<h1>MagneticSlots-App<\/h1>\n<p>Die Magnetic Slots App bietet alle Funktionen eines mobilen Casinos auf jedem Ger\u00e4t. Unsere Software bietet hohe Leistung und eine optimierte adaptive Benutzeroberfl\u00e4che. Hier haben Spieler sofortigen Zugriff auf Tausende von Spielen: Slots, Live-Casino-Tische, Crash-Titel und klassische Tischspiele. Alle Spiele verf\u00fcgen \u00fcber ein optimiertes Design und eine optimierte Benutzeroberfl\u00e4che f\u00fcr jedes mobile Ger\u00e4t. Zahlungen, Boni, Kontoeinstellungen, der Verifizierungsprozess und Support sind hier verf\u00fcgbar. Alle Funktionen der Desktop-Plattform sind vollst\u00e4ndig integriert. Wir unterst\u00fctzen hohe Download-Geschwindigkeiten und hochwertiges Streaming.<\/p>\n<div class=\"banner-wrap\" aria-label=\"Banner\"><img src=\"https:\/\/magnetic-slots.com\/wp-content\/uploads\/2025\/12\/header-bg-1.webp\" class=\"w-100 d-none d-lg-block img-pc main-banner-img\" alt=\"MagneticSlots desktop banner\" fetchpriority=\"high\" decoding=\"async\"><img src=\"https:\/\/magnetic-slots.com\/wp-content\/uploads\/2025\/12\/MagneticSlots-mobile-banner.webp\" class=\"w-100 d-none d-md-block d-lg-none main-banner-img\" alt=\"MagneticSlots mobile banner\" fetchpriority=\"high\" decoding=\"async\"><img src=\"https:\/\/magnetic-slots.com\/wp-content\/uploads\/2025\/12\/MagneticSlots-mobile-banner.webp\" class=\"w-100 d-md-none\" alt=\"MagneticSlots mobile banner\" fetchpriority=\"high\" decoding=\"async\"><div class=\"banner-description\">\n<div class=\"banner-title\">Willkommensboni<\/div>\n<p class=\"banner-header-title\">1500 \u20ac<\/p>\n<div class=\"banner-header-AdditionalText\">+ 250 Freispiele<\/div>\n<button data-item=\"homepage_banner_link\" class=\"goto m-button m-gradient-border m-button--primary m-button--large banner-button btn-orange\">\n            <div class=\"m-button-content\">\n                <span>Melden Sie sich jetzt an<\/span>\n                <span><\/span>\n            <\/div>\n        <\/button>\n<\/div>\n<div class=\"WelcomePack\">\n<p><img loading=\"lazy\" decoding=\"async\" class=\"alignnone size-full wp-image-1339\" src=\"https:\/\/magnetic-slots.com\/wp-content\/uploads\/2025\/12\/welcome-crown.svg\" alt=\"crown\" width=\"25\" height=\"26\" \/><\/p>\n<div class=\"WelcomePack-Info\">W\u00f6chentliches Cashback bis zu 25 %<\/div>\n<p><img loading=\"lazy\" decoding=\"async\" class=\"alignnone size-full wp-image-1339\" src=\"https:\/\/magnetic-slots.com\/wp-content\/uploads\/2025\/12\/welcome-crown.svg\" alt=\"crown\" width=\"25\" height=\"26\" \/><\/p>\n<\/div>\n<\/div>\n<h2>Anwendung magnetischer Steckpl\u00e4tze<\/h2>\n<p>Die Magnetic Slots App bietet ein optimiertes Spielerlebnis f\u00fcr flexibles Spielen. Die Software verf\u00fcgt \u00fcber alle Funktionen der Desktop- und Website-Versionen. Die App bietet jedoch eine vereinfachte Navigation und sofortigen Zugriff. Unsere Software ist portabel und eine starke Alternative zur Computerversion. Sie bietet die gleichen Funktionen mit zus\u00e4tzlicher Mobilit\u00e4t.<\/p>\n<table>\n<tbody>\n<tr>\n<td>Funktion<\/td>\n<td>Mobile App<\/td>\n<td>PC-Version<\/td>\n<\/tr>\n<tr>\n<td>Portabilit\u00e4t<\/td>\n<td>Voller Zugriff \u00fcberall auf Mobilger\u00e4ten<\/td>\n<td>Station\u00e4r, erfordert PC-Einrichtung<\/td>\n<\/tr>\n<tr>\n<td>Schnittstelle<\/td>\n<td>Adaptive, f\u00fcr Touchscreens optimierte Men\u00fcs<\/td>\n<td>Gr\u00f6\u00dferer Bildschirm mit erweitertem Layout<\/td>\n<\/tr>\n<tr>\n<td>Leistung<\/td>\n<td>Schnelles Laden, leichter Betrieb<\/td>\n<td>Hohe Leistung mit stabiler Hardware<\/td>\n<\/tr>\n<tr>\n<td>Spielerlebnis<\/td>\n<td>Fl\u00fcssiges Gameplay, HD-Live-Streams<\/td>\n<td>Gr\u00f6\u00dferes Sichtfeld und gr\u00f6\u00dfere Grafiken<\/td>\n<\/tr>\n<tr>\n<td>Zahlungen &amp; Support<\/td>\n<td>Einzahlungen, Auszahlungen und Live-Chat mit einem Fingertipp<\/td>\n<td>Vollst\u00e4ndiges Dashboard mit erweiterten Tools<\/td>\n<\/tr>\n<tr>\n<td>Benachrichtigungen<\/td>\n<td>Push-Benachrichtigungen f\u00fcr Boni und Turniere<\/td>\n<td>Keine Push-Benachrichtigungen<\/td>\n<\/tr>\n<\/tbody>\n<\/table>\n<p><div class=\"scrollable-content-wrap my-5\"><div class=\"scrollable-content-inner\"><h2>Magnetic Slots App \u2013 Android<\/h2>\n<p>Unsere App ist f\u00fcr alle Android-Ger\u00e4te verf\u00fcgbar. Die Magnetic Slots App f\u00fcr Android ist als Progressive Web App (PWA) verf\u00fcgbar. Unsere PWA verf\u00fcgt \u00fcber alle Funktionen der Desktop-Version und kann direkt \u00fcber Ihren Browser heruntergeladen werden. Alle Spiele, Zahlungen, Kontoeinstellungen, Support und Werbeaktionen sind in der PWA f\u00fcr Android verf\u00fcgbar. Die PWA ist f\u00fcr alle Android-Ger\u00e4te geeignet.<\/p>\n<h3>MagneticSlots APK<\/h3>\n<p>Sie m\u00fcssen nicht in App-Stores nach der APK-Datei f\u00fcr Magnetic Slots suchen. Die Software Magnetic Slots funktioniert ohne APK-Datei. Unsere PWA kann direkt in Ihrem Browser heruntergeladen werden. Klicken Sie zum Herunterladen der App auf die Schaltfl\u00e4che \u201eCasino-App\u201c und sie wird automatisch installiert. So geht&#8217;s:<\/p>\n<ol>\n<li>Am unteren Rand der Hauptseite finden Sie einen Download-Button f\u00fcr die Software.<\/li>\n<li>Klicken Sie auf \u201eCasino-App\u201c.<\/li>\n<li>Die App wird auf Ihrem Startbildschirm angezeigt.<\/li>\n<\/ol>\n<p>Wenn Sie Probleme beim Herunterladen haben, k\u00f6nnen Sie sich \u00fcber den Live-Chat oder per E-Mail an unser Support-Team wenden.<\/p>\n<p><img loading=\"lazy\" decoding=\"async\" src=\"https:\/\/magnetic-slots.com\/wp-content\/uploads\/2025\/12\/MagneticSlots-Android.webp\" alt=\"MagneticSlots Android\" width=\"1248\" height=\"536\" \/><\/p>\n<\/div><\/div><div style=\"clear: both\"><\/div><div class=\"d-flex justify-content-center\"><button data-item=\"decouvrez_link\" data-group=\"website_links\" class=\"goto fw-bold rounded-pill btn btn-orange\" aria-label=\"Laden Sie die MagneticSlots-App herunter\" >Laden Sie die MagneticSlots-App herunter<\/button><\/div><div class=\"scrollable-content-wrap my-5\"><div class=\"scrollable-content-inner\"><h2>Magnetic Slots Casino App f\u00fcr iOS<\/h2>\n<p>Die Magnetic Slots Casino App f\u00fcr iOS bietet schnelles Gameplay auf allen Apple-Ger\u00e4ten. Die Software erm\u00f6glicht einen schnellen Zugriff auf das Magnetic Slots Casino mit all unseren Spielen. Die Software funktioniert direkt \u00fcber den Safari-Browser. Wenn Sie die App auf dem Startbildschirm Ihres iOS-Ger\u00e4ts installieren, erhalten Sie Push-Benachrichtigungen \u00fcber alle neuen Aktionen und Updates. Um die Magnetic Slots Software auf iOS herunterzuladen, m\u00fcssen Sie nicht im App Store danach suchen. So installieren Sie die Magnetic Slots Anwendung \u00fcber den Safari-Browser:<\/p>\n<ol>\n<li>Klicken Sie unten auf unserer Startseite auf \u201eTeilen\u201c.<\/li>\n<li>W\u00e4hlen Sie \u201eZum Startbildschirm hinzuf\u00fcgen\u201c.<\/li>\n<li>Die App wird automatisch auf Ihrem Startbildschirm angezeigt.<\/li>\n<\/ol>\n<p><img loading=\"lazy\" decoding=\"async\" src=\"https:\/\/magnetic-slots.com\/wp-content\/uploads\/2025\/12\/MagneticSlots-iOS.webp\" alt=\"MagneticSlots iOS\" width=\"1248\" height=\"536\" \/><\/p>\n<\/div><\/div><div style=\"clear: both\"><\/div><div class=\"d-flex justify-content-center\"><button data-item=\"decouvrez_link\" data-group=\"website_links\" class=\"goto fw-bold rounded-pill btn btn-orange\" aria-label=\"MagneticSlots herunterladen\" >MagneticSlots herunterladen<\/button><\/div><div class=\"scrollable-content-wrap my-5\"><div class=\"scrollable-content-inner\"><h2>MagneticSlots-App f\u00fcr Desktop<\/h2>\n<p>Die MagneticSlots-App f\u00fcr PC bietet Windows- und Mac-Nutzern schnellen Zugriff auf die gesamte Casino-Plattform. Die PC-App muss weder heruntergeladen noch installiert werden. Anstatt herk\u00f6mmliche Software herunterzuladen, k\u00f6nnen Spieler einfach unsere Website besuchen und eine Verkn\u00fcpfung auf ihrem Desktop erstellen. Diese Verkn\u00fcpfung funktioniert als eigenst\u00e4ndige Web-App mit Zugriff auf alle Spiele, Zahlungen, Werbeaktionen und Kontofunktionen.<\/p>\n<p>Besuchen Sie unsere Website und erstellen Sie in Ihren Browsereinstellungen eine Verkn\u00fcpfung, um von Ihrem Desktop aus schnell darauf zugreifen zu k\u00f6nnen. Sie k\u00f6nnen Magnetic Slots wie ein normales Programm von Ihrem Desktop aus starten. Hier finden Sie die gleiche schnelle Ladezeit und hochwertige Streaming-Qualit\u00e4t aller Spiele.<\/p>\n<p><img loading=\"lazy\" decoding=\"async\" src=\"https:\/\/magnetic-slots.com\/wp-content\/uploads\/2025\/12\/MagneticSlots-Desktop.webp\" alt=\"MagneticSlots Desktop\" width=\"1248\" height=\"536\" \/><\/p>\n<\/div><\/div><div style=\"clear: both\"><\/div><div class=\"d-flex justify-content-center\"><button data-item=\"decouvrez_link\" data-group=\"website_links\" class=\"goto fw-bold rounded-pill btn btn-orange\" aria-label=\"Laden Sie die MagneticSlots-App herunter\" >Laden Sie die MagneticSlots-App herunter<\/button><\/div><div class=\"scrollable-content-wrap my-5\"><div class=\"scrollable-content-inner\"><h2>H\u00e4ufig gestellte Fragen<\/h2>\n<h3>Wo kann ich die Magneticslots App sicher herunterladen?<\/h3>\n<p>Sie k\u00f6nnen die Magnetic Slots App nur sicher von der offiziellen Website herunterladen. Diese Software ist sehr leichtgewichtig. Unsere offizielle Website bietet die richtige Version f\u00fcr Ihr Ger\u00e4t mit sicherer Installation, ohne dass Quellen von Drittanbietern verwendet werden m\u00fcssen.<\/p>\n<h3>Muss ich spezielle Einstellungen aktivieren, um die App zu installieren?<\/h3>\n<p>Es sind keine besonderen Einstellungen erforderlich. Die App wird direkt von der offiziellen Website als PWA \u00fcber einen Browser installiert. Sie wird automatisch heruntergeladen und erscheint auf Ihrem Startbildschirm. Es sind keine weiteren Einstellungen erforderlich.<\/p>\n<h3>Ist die App kostenlos zum Herunterladen und Nutzen?<\/h3>\n<p>Ja, die App \u201eMagnetic Slots\u201c ist komplett kostenlos. Sie k\u00f6nnen sie kostenlos von der offiziellen Website auf jedes Ger\u00e4t herunterladen. Sobald sie heruntergeladen ist, haben Sie sofort Zugriff auf alle Funktionen und Spiele, wie z. B. Online-Slots, Tischspiele, Live-Casino-Spiele und vieles mehr.<\/p>\n<h3>Kann ich mich mit demselben Konto wie auf der Website anmelden?<\/h3>\n<p>Ja, Sie k\u00f6nnen sich in Ihrem Browser und in der App mit demselben Konto anmelden. Sie k\u00f6nnen sich von verschiedenen Ger\u00e4ten aus anmelden. Sobald Sie Ihren Benutzernamen und Ihr Passwort eingegeben haben, werden alle Ihre Daten synchronisiert und Ihr Guthaben und Ihr Fortschritt gespeichert.<\/p>\n<\/div><\/div><\/p>\n","protected":false},"excerpt":{"rendered":"<p>MagneticSlots-App Die Magnetic Slots App bietet alle Funktionen eines mobilen Casinos auf jedem Ger\u00e4t. Unsere Software bietet hohe Leistung und eine optimierte adaptive Benutzeroberfl\u00e4che. Hier haben Spieler sofortigen Zugriff auf Tausende von Spielen: Slots, Live-Casino-Tische, Crash-Titel und klassische Tischspiele. Alle Spiele verf\u00fcgen \u00fcber ein optimiertes Design und eine optimierte Benutzeroberfl\u00e4che f\u00fcr jedes mobile Ger\u00e4t. Zahlungen, [&hellip;]<\/p>\n","protected":false},"author":1,"featured_media":0,"parent":0,"menu_order":0,"comment_status":"closed","ping_status":"closed","template":"template-builder.php","meta":{"_acf_changed":false,"inline_featured_image":false,"footnotes":""},"class_list":["post-1435","page","type-page","status-publish","hentry"],"acf":[],"yoast_head":"<!-- This site is optimized with the Yoast SEO plugin v27.3 - https:\/\/yoast.com\/product\/yoast-seo-wordpress\/ -->\n<title>Magnetic Slots App Download | iOS, Android &amp; Desktop<\/title>\n<meta name=\"description\" content=\"Installiere Magnetic Slots App auf iOS, Android, Windows und macOS, um \u00fcber 6000 Casinospiele \u00fcberall zu spielen. Schnelle Leistung, Kontosynchronisierung und 24\/7-Support \u2013 alles in MagneticSlots.\" \/>\n<meta name=\"robots\" content=\"index, follow, max-snippet:-1, max-image-preview:large, max-video-preview:-1\" \/>\n<link rel=\"canonical\" href=\"https:\/\/magnetic-slots.com\/de\/app\/\" \/>\n<meta property=\"og:locale\" content=\"de_DE\" \/>\n<meta property=\"og:type\" content=\"article\" \/>\n<meta property=\"og:title\" content=\"Magnetic Slots App Download | iOS, Android &amp; Desktop\" \/>\n<meta property=\"og:description\" content=\"Installiere Magnetic Slots App auf iOS, Android, Windows und macOS, um \u00fcber 6000 Casinospiele \u00fcberall zu spielen. Schnelle Leistung, Kontosynchronisierung und 24\/7-Support \u2013 alles in MagneticSlots.\" \/>\n<meta property=\"og:url\" content=\"https:\/\/magnetic-slots.com\/de\/app\/\" \/>\n<meta property=\"og:site_name\" content=\"magnetic-slots\" \/>\n<meta property=\"article:modified_time\" content=\"2025-12-12T12:41:16+00:00\" \/>\n<meta name=\"twitter:card\" content=\"summary_large_image\" \/>\n<meta name=\"twitter:label1\" content=\"Gesch\u00e4tzte Lesezeit\" \/>\n\t<meta name=\"twitter:data1\" content=\"1\u00a0Minute\" \/>\n<script type=\"application\/ld+json\" class=\"yoast-schema-graph\">{\"@context\":\"https:\\\/\\\/schema.org\",\"@graph\":[{\"@type\":\"WebPage\",\"@id\":\"https:\\\/\\\/magnetic-slots.com\\\/de\\\/app\\\/\",\"url\":\"https:\\\/\\\/magnetic-slots.com\\\/de\\\/app\\\/\",\"name\":\"Magnetic Slots App Download | iOS, Android & Desktop\",\"isPartOf\":{\"@id\":\"https:\\\/\\\/magnetic-slots.com\\\/de\\\/#website\"},\"datePublished\":\"2025-12-12T10:24:45+00:00\",\"dateModified\":\"2025-12-12T12:41:16+00:00\",\"description\":\"Installiere Magnetic Slots App auf iOS, Android, Windows und macOS, um \u00fcber 6000 Casinospiele \u00fcberall zu spielen. Schnelle Leistung, Kontosynchronisierung und 24\\\/7-Support \u2013 alles in MagneticSlots.\",\"breadcrumb\":{\"@id\":\"https:\\\/\\\/magnetic-slots.com\\\/de\\\/app\\\/#breadcrumb\"},\"inLanguage\":\"de\",\"potentialAction\":[{\"@type\":\"ReadAction\",\"target\":[\"https:\\\/\\\/magnetic-slots.com\\\/de\\\/app\\\/\"]}]},{\"@type\":\"BreadcrumbList\",\"@id\":\"https:\\\/\\\/magnetic-slots.com\\\/de\\\/app\\\/#breadcrumb\",\"itemListElement\":[{\"@type\":\"ListItem\",\"position\":1,\"name\":\"Magneticslots\",\"item\":\"https:\\\/\\\/magnetic-slots.com\\\/de\\\/\"},{\"@type\":\"ListItem\",\"position\":2,\"name\":\"App\"}]},{\"@type\":\"WebSite\",\"@id\":\"https:\\\/\\\/magnetic-slots.com\\\/de\\\/#website\",\"url\":\"https:\\\/\\\/magnetic-slots.com\\\/de\\\/\",\"name\":\"Magneticslots\",\"description\":\"\",\"publisher\":{\"@id\":\"https:\\\/\\\/magnetic-slots.com\\\/de\\\/#organization\"},\"potentialAction\":[{\"@type\":\"SearchAction\",\"target\":{\"@type\":\"EntryPoint\",\"urlTemplate\":\"https:\\\/\\\/magnetic-slots.com\\\/de\\\/?s={search_term_string}\"},\"query-input\":{\"@type\":\"PropertyValueSpecification\",\"valueRequired\":true,\"valueName\":\"search_term_string\"}}],\"inLanguage\":\"de\"},{\"@type\":\"Organization\",\"@id\":\"https:\\\/\\\/magnetic-slots.com\\\/de\\\/#organization\",\"name\":\"Magneticslots\",\"url\":\"https:\\\/\\\/magnetic-slots.com\\\/de\\\/\",\"logo\":{\"@type\":\"ImageObject\",\"inLanguage\":\"de\",\"@id\":\"https:\\\/\\\/magnetic-slots.com\\\/de\\\/#\\\/schema\\\/logo\\\/image\\\/\",\"url\":\"https:\\\/\\\/magnetic-slots.com\\\/wp-content\\\/uploads\\\/2025\\\/12\\\/logo.svg\",\"contentUrl\":\"https:\\\/\\\/magnetic-slots.com\\\/wp-content\\\/uploads\\\/2025\\\/12\\\/logo.svg\",\"width\":160,\"height\":27,\"caption\":\"Magneticslots\"},\"image\":{\"@id\":\"https:\\\/\\\/magnetic-slots.com\\\/de\\\/#\\\/schema\\\/logo\\\/image\\\/\"}}]}<\/script>\n<!-- \/ Yoast SEO plugin. -->","yoast_head_json":{"title":"Magnetic Slots App Download | iOS, Android & Desktop","description":"Installiere Magnetic Slots App auf iOS, Android, Windows und macOS, um \u00fcber 6000 Casinospiele \u00fcberall zu spielen. Schnelle Leistung, Kontosynchronisierung und 24\/7-Support \u2013 alles in MagneticSlots.","robots":{"index":"index","follow":"follow","max-snippet":"max-snippet:-1","max-image-preview":"max-image-preview:large","max-video-preview":"max-video-preview:-1"},"canonical":"https:\/\/magnetic-slots.com\/de\/app\/","og_locale":"de_DE","og_type":"article","og_title":"Magnetic Slots App Download | iOS, Android & Desktop","og_description":"Installiere Magnetic Slots App auf iOS, Android, Windows und macOS, um \u00fcber 6000 Casinospiele \u00fcberall zu spielen. Schnelle Leistung, Kontosynchronisierung und 24\/7-Support \u2013 alles in MagneticSlots.","og_url":"https:\/\/magnetic-slots.com\/de\/app\/","og_site_name":"magnetic-slots","article_modified_time":"2025-12-12T12:41:16+00:00","twitter_card":"summary_large_image","twitter_misc":{"Gesch\u00e4tzte Lesezeit":"1\u00a0Minute"},"schema":{"@context":"https:\/\/schema.org","@graph":[{"@type":"WebPage","@id":"https:\/\/magnetic-slots.com\/de\/app\/","url":"https:\/\/magnetic-slots.com\/de\/app\/","name":"Magnetic Slots App Download | iOS, Android & Desktop","isPartOf":{"@id":"https:\/\/magnetic-slots.com\/de\/#website"},"datePublished":"2025-12-12T10:24:45+00:00","dateModified":"2025-12-12T12:41:16+00:00","description":"Installiere Magnetic Slots App auf iOS, Android, Windows und macOS, um \u00fcber 6000 Casinospiele \u00fcberall zu spielen. Schnelle Leistung, Kontosynchronisierung und 24\/7-Support \u2013 alles in MagneticSlots.","breadcrumb":{"@id":"https:\/\/magnetic-slots.com\/de\/app\/#breadcrumb"},"inLanguage":"de","potentialAction":[{"@type":"ReadAction","target":["https:\/\/magnetic-slots.com\/de\/app\/"]}]},{"@type":"BreadcrumbList","@id":"https:\/\/magnetic-slots.com\/de\/app\/#breadcrumb","itemListElement":[{"@type":"ListItem","position":1,"name":"Magneticslots","item":"https:\/\/magnetic-slots.com\/de\/"},{"@type":"ListItem","position":2,"name":"App"}]},{"@type":"WebSite","@id":"https:\/\/magnetic-slots.com\/de\/#website","url":"https:\/\/magnetic-slots.com\/de\/","name":"Magneticslots","description":"","publisher":{"@id":"https:\/\/magnetic-slots.com\/de\/#organization"},"potentialAction":[{"@type":"SearchAction","target":{"@type":"EntryPoint","urlTemplate":"https:\/\/magnetic-slots.com\/de\/?s={search_term_string}"},"query-input":{"@type":"PropertyValueSpecification","valueRequired":true,"valueName":"search_term_string"}}],"inLanguage":"de"},{"@type":"Organization","@id":"https:\/\/magnetic-slots.com\/de\/#organization","name":"Magneticslots","url":"https:\/\/magnetic-slots.com\/de\/","logo":{"@type":"ImageObject","inLanguage":"de","@id":"https:\/\/magnetic-slots.com\/de\/#\/schema\/logo\/image\/","url":"https:\/\/magnetic-slots.com\/wp-content\/uploads\/2025\/12\/logo.svg","contentUrl":"https:\/\/magnetic-slots.com\/wp-content\/uploads\/2025\/12\/logo.svg","width":160,"height":27,"caption":"Magneticslots"},"image":{"@id":"https:\/\/magnetic-slots.com\/de\/#\/schema\/logo\/image\/"}}]}},"_links":{"self":[{"href":"https:\/\/magnetic-slots.com\/de\/wp-json\/wp\/v2\/pages\/1435","targetHints":{"allow":["GET"]}}],"collection":[{"href":"https:\/\/magnetic-slots.com\/de\/wp-json\/wp\/v2\/pages"}],"about":[{"href":"https:\/\/magnetic-slots.com\/de\/wp-json\/wp\/v2\/types\/page"}],"author":[{"embeddable":true,"href":"https:\/\/magnetic-slots.com\/de\/wp-json\/wp\/v2\/users\/1"}],"replies":[{"embeddable":true,"href":"https:\/\/magnetic-slots.com\/de\/wp-json\/wp\/v2\/comments?post=1435"}],"version-history":[{"count":2,"href":"https:\/\/magnetic-slots.com\/de\/wp-json\/wp\/v2\/pages\/1435\/revisions"}],"predecessor-version":[{"id":1663,"href":"https:\/\/magnetic-slots.com\/de\/wp-json\/wp\/v2\/pages\/1435\/revisions\/1663"}],"wp:attachment":[{"href":"https:\/\/magnetic-slots.com\/de\/wp-json\/wp\/v2\/media?parent=1435"}],"curies":[{"name":"wp","href":"https:\/\/api.w.org\/{rel}","templated":true}]}}